{"id":13022,"date":"2023-01-24T12:06:21","date_gmt":"2023-01-24T10:06:21","guid":{"rendered":"https:\/\/wedo.outcondev.com\/?post_type=product&#038;p=13022"},"modified":"2023-12-14T17:35:00","modified_gmt":"2023-12-14T15:35:00","slug":"neovista","status":"publish","type":"product","link":"https:\/\/wedo.outcondev.com\/mk\/neovista\/","title":{"rendered":"Neovista"},"content":{"rendered":"<p><span data-contrast=\"auto\">Formula e Neovista p\u00ebrmban p\u00ebrb\u00ebr\u00ebs me efikasitet t\u00eb provuar q\u00eb kujdesen p\u00ebr shikimin tuaj optimal dit\u00ebn dhe nat\u00ebn, rrisin mpreht\u00ebsin\u00eb vizuale dhe adresojn\u00eb nevojat specifike t\u00eb sistemit vizual.<\/span><span data-ccp-props=\"{&quot;201341983&quot;:0,&quot;335559739&quot;:160,&quot;335559740&quot;:259}\">\u00a0<\/span><\/p>\n<p><span data-contrast=\"auto\">Jeta moderne dhe puna pa nd\u00ebrprerje para ekraneve kan\u00eb nj\u00eb ndikim negativ n\u00eb shikim. Ankesat e zakonshme jan\u00eb that\u00ebsia, acarimi, skuqja e syve, shikimi i paqart\u00eb dhe t\u00eb tjera. Marrja e vitaminave shtes\u00eb kontribuon n\u00eb nj\u00eb sh\u00ebndet m\u00eb t\u00eb mir\u00eb t\u00eb syve dhe vizion m\u00eb t\u00eb qart\u00eb.<\/span><span data-ccp-props=\"{&quot;201341983&quot;:0,&quot;335559739&quot;:160,&quot;335559740&quot;:259}\">\u00a0<\/span><\/p>\n<p><b><span data-contrast=\"auto\">Luteina:<\/span><\/b><span data-contrast=\"auto\"> redukton fototoksicitetin dhe mbron syrin nga efektet e d\u00ebmshme t\u00eb drit\u00ebs s\u00eb fort\u00eb[1, 2]<\/span><span data-ccp-props=\"{&quot;201341983&quot;:0,&quot;335559739&quot;:160,&quot;335559740&quot;:259}\">\u00a0<\/span><\/p>\n<p><b><span data-contrast=\"auto\">Ekstrakti i boronic\u00ebs<\/span><\/b><span data-contrast=\"auto\">: kontribuon n\u00eb sh\u00ebndetin e syve p\u00ebrmes mb\u00ebshtetjes antioksiduese dhe vaskulare. [3, 4]<\/span><span data-ccp-props=\"{&quot;201341983&quot;:0,&quot;335559739&quot;:160,&quot;335559740&quot;:259}\">\u00a0<\/span><\/p>\n<p><b><span data-contrast=\"auto\">Astaxanthin:<\/span><\/b><span data-contrast=\"auto\"> nj\u00eb antioksidant i fuqish\u00ebm q\u00eb p\u00ebrmir\u00ebson akomodimin e syve [5]<\/span><span data-ccp-props=\"{&quot;201341983&quot;:0,&quot;335559739&quot;:160,&quot;335559740&quot;:259}\">\u00a0<\/span><\/p>\n<p><b><span data-contrast=\"auto\">Zinku:<\/span><\/b><span data-contrast=\"auto\"> i p\u00ebrfshir\u00eb n\u00eb metabolizmin e vitamin\u00ebs A dhe n\u00eb procesin e shikimit [6]<\/span><span data-ccp-props=\"{&quot;201341983&quot;:0,&quot;335559739&quot;:160,&quot;335559740&quot;:259}\">\u00a0<\/span><\/p>\n<p><b><span data-contrast=\"auto\">Vitamina C<\/span><\/b><span data-contrast=\"auto\">: mbron qelizat nga d\u00ebmtimi oksidativ dhe forcon qelizat e retin\u00ebs [7]<\/span><span data-ccp-props=\"{&quot;201341983&quot;:0,&quot;335559739&quot;:160,&quot;335559740&quot;:259}\">\u00a0<\/span><\/p>\n<p><b><span data-contrast=\"auto\">Seleni:<\/span><\/b><span data-contrast=\"auto\"> nj\u00eb antioksidant i r\u00ebnd\u00ebsish\u00ebm p\u00ebr sh\u00ebndetin vizual [8]<\/span><span data-ccp-props=\"{&quot;201341983&quot;:0,&quot;335559739&quot;:160,&quot;335559740&quot;:259}\">\u00a0<\/span><\/p>\n","protected":false},"excerpt":{"rendered":"<p>Formula e Neovista p\u00ebrmban p\u00ebrb\u00ebr\u00ebs me efikasitet t\u00eb provuar q\u00eb kujdesen p\u00ebr shikimin tuaj optimal dit\u00ebn dhe nat\u00ebn, rrisin mpreht\u00ebsin\u00eb vizuale dhe adresojn\u00eb nevojat specifike t\u00eb sistemit vizual.\u00a0 Jeta moderne dhe puna pa nd\u00ebrprerje para ekraneve kan\u00eb nj\u00eb ndikim negativ n\u00eb shikim. Ankesat e zakonshme jan\u00eb that\u00ebsia, acarimi, skuqja e syve, shikimi i paqart\u00eb dhe [&hellip;]<\/p>\n","protected":false},"featured_media":14203,"template":"","meta":{"_acf_changed":false},"product_brand":[],"product_cat":[177,134],"product_tag":[237],"product_collection":[53],"class_list":{"0":"post-13022","1":"product","2":"type-product","3":"status-publish","4":"has-post-thumbnail","6":"product_cat-za-vizia","7":"product_cat-site","8":"product_tag-neovista-mk","9":"product_collection-neovista","11":"first","12":"instock","13":"taxable","14":"shipping-taxable","15":"purchasable","16":"product-type-simple"},"acf":[],"yoast_head":"<!-- This site is optimized with the Yoast SEO plugin v23.9 - https:\/\/yoast.com\/wordpress\/plugins\/seo\/ -->\n<title>Neovista - Wedo<\/title>\n<meta name=\"robots\" content=\"noindex, follow, max-snippet:-1, max-image-preview:large, max-video-preview:-1\" \/>\n<meta property=\"og:locale\" content=\"mk_MK\" \/>\n<meta property=\"og:type\" content=\"article\" \/>\n<meta property=\"og:title\" content=\"Neovista - Wedo\" \/>\n<meta property=\"og:description\" content=\"Formula e Neovista p\u00ebrmban p\u00ebrb\u00ebr\u00ebs me efikasitet t\u00eb provuar q\u00eb kujdesen p\u00ebr shikimin tuaj optimal dit\u00ebn dhe nat\u00ebn, rrisin mpreht\u00ebsin\u00eb vizuale dhe adresojn\u00eb nevojat specifike t\u00eb sistemit vizual.\u00a0 Jeta moderne dhe puna pa nd\u00ebrprerje para ekraneve kan\u00eb nj\u00eb ndikim negativ n\u00eb shikim. Ankesat e zakonshme jan\u00eb that\u00ebsia, acarimi, skuqja e syve, shikimi i paqart\u00eb dhe [&hellip;]\" \/>\n<meta property=\"og:url\" content=\"https:\/\/wedo.outcondev.com\/mk\/site\/za-vizi\u0458a\/neovista\/\" \/>\n<meta property=\"og:site_name\" content=\"Wedo\" \/>\n<meta property=\"article:publisher\" content=\"https:\/\/www.facebook.com\/wedosupplements\" \/>\n<meta property=\"article:modified_time\" content=\"2023-12-14T15:35:00+00:00\" \/>\n<meta property=\"og:image\" content=\"https:\/\/wedo.outcondev.com\/wp-content\/uploads\/2023\/01\/3D_Neovista_Box_EN-_Frontal_Right.png\" \/>\n\t<meta property=\"og:image:width\" content=\"1800\" \/>\n\t<meta property=\"og:image:height\" content=\"1080\" \/>\n\t<meta property=\"og:image:type\" content=\"image\/png\" \/>\n<meta name=\"twitter:card\" content=\"summary_large_image\" \/>\n<meta name=\"twitter:label1\" content=\"Est. reading time\" \/>\n\t<meta name=\"twitter:data1\" content=\"1 \u043c\u0438\u043d\u0443\u0442\u0430\" \/>\n<script type=\"application\/ld+json\" class=\"yoast-schema-graph\">{\"@context\":\"https:\/\/schema.org\",\"@graph\":[{\"@type\":\"WebPage\",\"@id\":\"https:\/\/wedo.outcondev.com\/mk\/site\/za-vizi\u0458a\/neovista\/\",\"url\":\"https:\/\/wedo.outcondev.com\/mk\/site\/za-vizi\u0458a\/neovista\/\",\"name\":\"Neovista - Wedo\",\"isPartOf\":{\"@id\":\"https:\/\/wedo.outcondev.com\/#website\"},\"primaryImageOfPage\":{\"@id\":\"https:\/\/wedo.outcondev.com\/mk\/site\/za-vizi\u0458a\/neovista\/#primaryimage\"},\"image\":{\"@id\":\"https:\/\/wedo.outcondev.com\/mk\/site\/za-vizi\u0458a\/neovista\/#primaryimage\"},\"thumbnailUrl\":\"https:\/\/wedo.outcondev.com\/wp-content\/uploads\/2024\/01\/neovista-EN-1-front-3.png\",\"datePublished\":\"2023-01-24T10:06:21+00:00\",\"dateModified\":\"2023-12-14T15:35:00+00:00\",\"breadcrumb\":{\"@id\":\"https:\/\/wedo.outcondev.com\/mk\/site\/za-vizi\u0458a\/neovista\/#breadcrumb\"},\"inLanguage\":\"mk-MK\",\"potentialAction\":[{\"@type\":\"ReadAction\",\"target\":[\"https:\/\/wedo.outcondev.com\/mk\/site\/za-vizi\u0458a\/neovista\/\"]}]},{\"@type\":\"ImageObject\",\"inLanguage\":\"mk-MK\",\"@id\":\"https:\/\/wedo.outcondev.com\/mk\/site\/za-vizi\u0458a\/neovista\/#primaryimage\",\"url\":\"https:\/\/wedo.outcondev.com\/wp-content\/uploads\/2024\/01\/neovista-EN-1-front-3.png\",\"contentUrl\":\"https:\/\/wedo.outcondev.com\/wp-content\/uploads\/2024\/01\/neovista-EN-1-front-3.png\",\"width\":1800,\"height\":1080},{\"@type\":\"BreadcrumbList\",\"@id\":\"https:\/\/wedo.outcondev.com\/mk\/site\/za-vizi\u0458a\/neovista\/#breadcrumb\",\"itemListElement\":[{\"@type\":\"ListItem\",\"position\":1,\"name\":\"Home\",\"item\":\"https:\/\/wedo.outcondev.com\/mk\/\"},{\"@type\":\"ListItem\",\"position\":2,\"name\":\"Shop\",\"item\":\"https:\/\/wedo.outcondev.com\/shop-2\/\"},{\"@type\":\"ListItem\",\"position\":3,\"name\":\"Neovista\"}]},{\"@type\":\"WebSite\",\"@id\":\"https:\/\/wedo.outcondev.com\/#website\",\"url\":\"https:\/\/wedo.outcondev.com\/\",\"name\":\"Wedo Care\",\"description\":\"Wedo\",\"publisher\":{\"@id\":\"https:\/\/wedo.outcondev.com\/#organization\"},\"potentialAction\":[{\"@type\":\"SearchAction\",\"target\":{\"@type\":\"EntryPoint\",\"urlTemplate\":\"https:\/\/wedo.outcondev.com\/?s={search_term_string}\"},\"query-input\":{\"@type\":\"PropertyValueSpecification\",\"valueRequired\":true,\"valueName\":\"search_term_string\"}}],\"inLanguage\":\"mk-MK\"},{\"@type\":\"Organization\",\"@id\":\"https:\/\/wedo.outcondev.com\/#organization\",\"name\":\"Wedo\",\"url\":\"https:\/\/wedo.outcondev.com\/\",\"logo\":{\"@type\":\"ImageObject\",\"inLanguage\":\"mk-MK\",\"@id\":\"https:\/\/wedo.outcondev.com\/#\/schema\/logo\/image\/\",\"url\":\"https:\/\/wedo.outcondev.com\/wp-content\/uploads\/2023\/03\/logo-horizontal.svg\",\"contentUrl\":\"https:\/\/wedo.outcondev.com\/wp-content\/uploads\/2023\/03\/logo-horizontal.svg\",\"width\":1,\"height\":1,\"caption\":\"Wedo\"},\"image\":{\"@id\":\"https:\/\/wedo.outcondev.com\/#\/schema\/logo\/image\/\"},\"sameAs\":[\"https:\/\/www.facebook.com\/wedosupplements\",\"https:\/\/www.instagram.com\/wedocaresupplements\/\"]}]}<\/script>\n<!-- \/ Yoast SEO plugin. -->","yoast_head_json":{"title":"Neovista - Wedo","robots":{"index":"noindex","follow":"follow","max-snippet":"max-snippet:-1","max-image-preview":"max-image-preview:large","max-video-preview":"max-video-preview:-1"},"og_locale":"mk_MK","og_type":"article","og_title":"Neovista - Wedo","og_description":"Formula e Neovista p\u00ebrmban p\u00ebrb\u00ebr\u00ebs me efikasitet t\u00eb provuar q\u00eb kujdesen p\u00ebr shikimin tuaj optimal dit\u00ebn dhe nat\u00ebn, rrisin mpreht\u00ebsin\u00eb vizuale dhe adresojn\u00eb nevojat specifike t\u00eb sistemit vizual.\u00a0 Jeta moderne dhe puna pa nd\u00ebrprerje para ekraneve kan\u00eb nj\u00eb ndikim negativ n\u00eb shikim. Ankesat e zakonshme jan\u00eb that\u00ebsia, acarimi, skuqja e syve, shikimi i paqart\u00eb dhe [&hellip;]","og_url":"https:\/\/wedo.outcondev.com\/mk\/site\/za-vizi\u0458a\/neovista\/","og_site_name":"Wedo","article_publisher":"https:\/\/www.facebook.com\/wedosupplements","article_modified_time":"2023-12-14T15:35:00+00:00","og_image":[{"width":1800,"height":1080,"url":"https:\/\/wedo.outcondev.com\/wp-content\/uploads\/2023\/01\/3D_Neovista_Box_EN-_Frontal_Right.png","type":"image\/png"}],"twitter_card":"summary_large_image","twitter_misc":{"Est. reading time":"1 \u043c\u0438\u043d\u0443\u0442\u0430"},"schema":{"@context":"https:\/\/schema.org","@graph":[{"@type":"WebPage","@id":"https:\/\/wedo.outcondev.com\/mk\/site\/za-vizi\u0458a\/neovista\/","url":"https:\/\/wedo.outcondev.com\/mk\/site\/za-vizi\u0458a\/neovista\/","name":"Neovista - Wedo","isPartOf":{"@id":"https:\/\/wedo.outcondev.com\/#website"},"primaryImageOfPage":{"@id":"https:\/\/wedo.outcondev.com\/mk\/site\/za-vizi\u0458a\/neovista\/#primaryimage"},"image":{"@id":"https:\/\/wedo.outcondev.com\/mk\/site\/za-vizi\u0458a\/neovista\/#primaryimage"},"thumbnailUrl":"https:\/\/wedo.outcondev.com\/wp-content\/uploads\/2024\/01\/neovista-EN-1-front-3.png","datePublished":"2023-01-24T10:06:21+00:00","dateModified":"2023-12-14T15:35:00+00:00","breadcrumb":{"@id":"https:\/\/wedo.outcondev.com\/mk\/site\/za-vizi\u0458a\/neovista\/#breadcrumb"},"inLanguage":"mk-MK","potentialAction":[{"@type":"ReadAction","target":["https:\/\/wedo.outcondev.com\/mk\/site\/za-vizi\u0458a\/neovista\/"]}]},{"@type":"ImageObject","inLanguage":"mk-MK","@id":"https:\/\/wedo.outcondev.com\/mk\/site\/za-vizi\u0458a\/neovista\/#primaryimage","url":"https:\/\/wedo.outcondev.com\/wp-content\/uploads\/2024\/01\/neovista-EN-1-front-3.png","contentUrl":"https:\/\/wedo.outcondev.com\/wp-content\/uploads\/2024\/01\/neovista-EN-1-front-3.png","width":1800,"height":1080},{"@type":"BreadcrumbList","@id":"https:\/\/wedo.outcondev.com\/mk\/site\/za-vizi\u0458a\/neovista\/#breadcrumb","itemListElement":[{"@type":"ListItem","position":1,"name":"Home","item":"https:\/\/wedo.outcondev.com\/mk\/"},{"@type":"ListItem","position":2,"name":"Shop","item":"https:\/\/wedo.outcondev.com\/shop-2\/"},{"@type":"ListItem","position":3,"name":"Neovista"}]},{"@type":"WebSite","@id":"https:\/\/wedo.outcondev.com\/#website","url":"https:\/\/wedo.outcondev.com\/","name":"Wedo Care","description":"Wedo","publisher":{"@id":"https:\/\/wedo.outcondev.com\/#organization"},"potentialAction":[{"@type":"SearchAction","target":{"@type":"EntryPoint","urlTemplate":"https:\/\/wedo.outcondev.com\/?s={search_term_string}"},"query-input":{"@type":"PropertyValueSpecification","valueRequired":true,"valueName":"search_term_string"}}],"inLanguage":"mk-MK"},{"@type":"Organization","@id":"https:\/\/wedo.outcondev.com\/#organization","name":"Wedo","url":"https:\/\/wedo.outcondev.com\/","logo":{"@type":"ImageObject","inLanguage":"mk-MK","@id":"https:\/\/wedo.outcondev.com\/#\/schema\/logo\/image\/","url":"https:\/\/wedo.outcondev.com\/wp-content\/uploads\/2023\/03\/logo-horizontal.svg","contentUrl":"https:\/\/wedo.outcondev.com\/wp-content\/uploads\/2023\/03\/logo-horizontal.svg","width":1,"height":1,"caption":"Wedo"},"image":{"@id":"https:\/\/wedo.outcondev.com\/#\/schema\/logo\/image\/"},"sameAs":["https:\/\/www.facebook.com\/wedosupplements","https:\/\/www.instagram.com\/wedocaresupplements\/"]}]}},"_links":{"self":[{"href":"https:\/\/wedo.outcondev.com\/mk\/wp-json\/wp\/v2\/product\/13022","targetHints":{"allow":["GET"]}}],"collection":[{"href":"https:\/\/wedo.outcondev.com\/mk\/wp-json\/wp\/v2\/product"}],"about":[{"href":"https:\/\/wedo.outcondev.com\/mk\/wp-json\/wp\/v2\/types\/product"}],"wp:featuredmedia":[{"embeddable":true,"href":"https:\/\/wedo.outcondev.com\/mk\/wp-json\/wp\/v2\/media\/14203"}],"wp:attachment":[{"href":"https:\/\/wedo.outcondev.com\/mk\/wp-json\/wp\/v2\/media?parent=13022"}],"wp:term":[{"taxonomy":"product_brand","embeddable":true,"href":"https:\/\/wedo.outcondev.com\/mk\/wp-json\/wp\/v2\/product_brand?post=13022"},{"taxonomy":"product_cat","embeddable":true,"href":"https:\/\/wedo.outcondev.com\/mk\/wp-json\/wp\/v2\/product_cat?post=13022"},{"taxonomy":"product_tag","embeddable":true,"href":"https:\/\/wedo.outcondev.com\/mk\/wp-json\/wp\/v2\/product_tag?post=13022"},{"taxonomy":"product_collection","embeddable":true,"href":"https:\/\/wedo.outcondev.com\/mk\/wp-json\/wp\/v2\/product_collection?post=13022"}],"curies":[{"name":"wp","href":"https:\/\/api.w.org\/{rel}","templated":true}]}}