{"id":13064,"date":"2023-01-24T12:03:58","date_gmt":"2023-01-24T10:03:58","guid":{"rendered":"https:\/\/wedo.outcondev.com\/?post_type=product&#038;p=13064"},"modified":"2023-12-15T17:43:43","modified_gmt":"2023-12-15T15:43:43","slug":"fenaxon","status":"publish","type":"product","link":"https:\/\/wedo.outcondev.com\/sq\/fenaxon\/","title":{"rendered":"Fenaxon"},"content":{"rendered":"<p><span data-contrast=\"auto\"><strong>Fenaxon<\/strong> \u00ebsht\u00eb nj\u00eb produkt i rekomanduar p\u00ebr\u00a0 \u00e7rregullimete sistemit nervor periferik me veprim t\u00eb drejtp\u00ebrdrejt\u00eb n\u00eb burimin e problemit. K\u00ebtu p\u00ebrfshihen diskopatia, dhimbjet e nervit shiatik, lumbago, sindroma e tunelit karpal, pleksiti, polineuropatit\u00eb, etj.<\/span><span data-ccp-props=\"{&quot;201341983&quot;:0,&quot;335559731&quot;:284,&quot;335559739&quot;:160,&quot;335559740&quot;:251}\">\u00a0<\/span><\/p>\n<p><span data-contrast=\"auto\">Fenaxon p\u00ebrmban nj\u00eb kombinim optimal t\u00eb p\u00ebrb\u00ebr\u00ebsve aktiv\u00eb q\u00eb veprojn\u00eb n\u00eb burimin e problemit n\u00eb gjendjet akute dhe kronike t\u00eb sistemit nervor periferik. Ka nj\u00eb efekt aktiv terapeutik, restaurues dhe profilaktik. Redukton shqet\u00ebsimin dhe merr pjes\u00eb n\u00eb rigjenerimin e qelizave nervore t\u00eb d\u00ebmtuara.<\/span><span data-ccp-props=\"{&quot;201341983&quot;:0,&quot;335559685&quot;:450,&quot;335559739&quot;:160,&quot;335559740&quot;:251}\">\u00a0<\/span><\/p>\n<p><b><span data-contrast=\"auto\">Kurkumina <\/span><\/b><span data-contrast=\"auto\">\u00ebsht\u00eb nj\u00eb polifenol natyral me nj\u00eb efekt t\u00eb fort\u00eb anti-inflamator. Ai vepron drejtp\u00ebrdrejt n\u00eb fokusin e inflamacionit dhe ka nj\u00eb efekt leht\u00ebsues.<\/span><span data-contrast=\"auto\">[4]<\/span><span data-ccp-props=\"{&quot;201341983&quot;:0,&quot;335559685&quot;:450,&quot;335559739&quot;:160,&quot;335559740&quot;:251}\">\u00a0<\/span><\/p>\n<p><b><span data-contrast=\"auto\">Uridine Monofosfat <\/span><\/b><span data-contrast=\"auto\">ndihmon n\u00eb riparimin e qelizave nervore t\u00eb d\u00ebmtuara dhe kontribuon n\u00eb transmetimin m\u00eb t\u00eb mir\u00eb t\u00eb impulseve nervore.\u00a0\u00a0<\/span><span data-ccp-props=\"{&quot;201341983&quot;:0,&quot;335559685&quot;:450,&quot;335559739&quot;:160,&quot;335559740&quot;:251}\">\u00a0<\/span><\/p>\n<p><b><span data-contrast=\"auto\">Acetyl-L-Carnitine <\/span><\/b><span data-contrast=\"auto\">ka efekte t\u00eb dobishme n\u00eb shqet\u00ebsimet kronike.<\/span><span data-ccp-props=\"{&quot;201341983&quot;:0,&quot;335559685&quot;:450,&quot;335559739&quot;:160,&quot;335559740&quot;:251}\">\u00a0<\/span><\/p>\n<p><b><span data-contrast=\"auto\">Magnezi <\/span><\/b><span data-contrast=\"auto\">redukton ankesat si ndjesi shpimi gjilp\u00ebrash dhe mpirje.<\/span><span data-contrast=\"auto\">[5]<\/span><span data-ccp-props=\"{&quot;201341983&quot;:0,&quot;335559685&quot;:450,&quot;335559739&quot;:160,&quot;335559740&quot;:251}\">\u00a0<\/span><\/p>\n<p><b><span data-contrast=\"auto\">Vitaminat e grupit B dhe vitamina D <\/span><\/b><span data-contrast=\"auto\">forcojn\u00eb funksionin e p\u00ebrgjithsh\u00ebm t\u00eb sistemit nervor periferik.<\/span><span data-contrast=\"auto\">[6]<\/span><span data-ccp-props=\"{&quot;201341983&quot;:0,&quot;335559685&quot;:450,&quot;335559739&quot;:160,&quot;335559740&quot;:251}\">\u00a0<\/span><\/p>\n","protected":false},"excerpt":{"rendered":"<p>Fenaxon \u00ebsht\u00eb nj\u00eb produkt i rekomanduar p\u00ebr\u00a0 \u00e7rregullimete sistemit nervor periferik me veprim t\u00eb drejtp\u00ebrdrejt\u00eb n\u00eb burimin e problemit. K\u00ebtu p\u00ebrfshihen diskopatia, dhimbjet e nervit shiatik, lumbago, sindroma e tunelit karpal, pleksiti, polineuropatit\u00eb, etj.\u00a0 Fenaxon p\u00ebrmban nj\u00eb kombinim optimal t\u00eb p\u00ebrb\u00ebr\u00ebsve aktiv\u00eb q\u00eb veprojn\u00eb n\u00eb burimin e problemit n\u00eb gjendjet akute dhe kronike t\u00eb sistemit [&hellip;]<\/p>\n","protected":false},"featured_media":14271,"template":"","meta":{"_acf_changed":false},"product_brand":[],"product_cat":[182,131],"product_tag":[246],"product_collection":[51],"class_list":{"0":"post-13064","1":"product","2":"type-product","3":"status-publish","4":"has-post-thumbnail","6":"product_cat-per-sistemin-nervor","7":"product_cat-te-gjitha","8":"product_tag-fenaxon-sq","9":"product_collection-fenaxon","11":"first","12":"instock","13":"taxable","14":"shipping-taxable","15":"purchasable","16":"product-type-simple"},"acf":[],"yoast_head":"<!-- This site is optimized with the Yoast SEO plugin v23.9 - https:\/\/yoast.com\/wordpress\/plugins\/seo\/ -->\n<title>Fenaxon - Wedo<\/title>\n<meta name=\"robots\" content=\"noindex, follow, max-snippet:-1, max-image-preview:large, max-video-preview:-1\" \/>\n<meta property=\"og:locale\" content=\"sq_AL\" \/>\n<meta property=\"og:type\" content=\"article\" \/>\n<meta property=\"og:title\" content=\"Fenaxon - Wedo\" \/>\n<meta property=\"og:description\" content=\"Fenaxon \u00ebsht\u00eb nj\u00eb produkt i rekomanduar p\u00ebr\u00a0 \u00e7rregullimete sistemit nervor periferik me veprim t\u00eb drejtp\u00ebrdrejt\u00eb n\u00eb burimin e problemit. K\u00ebtu p\u00ebrfshihen diskopatia, dhimbjet e nervit shiatik, lumbago, sindroma e tunelit karpal, pleksiti, polineuropatit\u00eb, etj.\u00a0 Fenaxon p\u00ebrmban nj\u00eb kombinim optimal t\u00eb p\u00ebrb\u00ebr\u00ebsve aktiv\u00eb q\u00eb veprojn\u00eb n\u00eb burimin e problemit n\u00eb gjendjet akute dhe kronike t\u00eb sistemit [&hellip;]\" \/>\n<meta property=\"og:url\" content=\"https:\/\/wedo.outcondev.com\/sq\/te-gjitha\/per-sistemin-nervor\/fenaxon\/\" \/>\n<meta property=\"og:site_name\" content=\"Wedo\" \/>\n<meta property=\"article:publisher\" content=\"https:\/\/www.facebook.com\/wedosupplements\" \/>\n<meta property=\"article:modified_time\" content=\"2023-12-15T15:43:43+00:00\" \/>\n<meta property=\"og:image\" content=\"https:\/\/wedo.outcondev.com\/wp-content\/uploads\/2023\/01\/1-4.png\" \/>\n\t<meta property=\"og:image:width\" content=\"1080\" \/>\n\t<meta property=\"og:image:height\" content=\"1800\" \/>\n\t<meta property=\"og:image:type\" content=\"image\/png\" \/>\n<meta name=\"twitter:card\" content=\"summary_large_image\" \/>\n<meta name=\"twitter:label1\" content=\"Est. reading time\" \/>\n\t<meta name=\"twitter:data1\" content=\"1 minute\" \/>\n<script type=\"application\/ld+json\" class=\"yoast-schema-graph\">{\"@context\":\"https:\/\/schema.org\",\"@graph\":[{\"@type\":\"WebPage\",\"@id\":\"https:\/\/wedo.outcondev.com\/sq\/te-gjitha\/per-sistemin-nervor\/fenaxon\/\",\"url\":\"https:\/\/wedo.outcondev.com\/sq\/te-gjitha\/per-sistemin-nervor\/fenaxon\/\",\"name\":\"Fenaxon - Wedo\",\"isPartOf\":{\"@id\":\"https:\/\/wedo.outcondev.com\/#website\"},\"primaryImageOfPage\":{\"@id\":\"https:\/\/wedo.outcondev.com\/sq\/te-gjitha\/per-sistemin-nervor\/fenaxon\/#primaryimage\"},\"image\":{\"@id\":\"https:\/\/wedo.outcondev.com\/sq\/te-gjitha\/per-sistemin-nervor\/fenaxon\/#primaryimage\"},\"thumbnailUrl\":\"https:\/\/wedo.outcondev.com\/wp-content\/uploads\/2024\/01\/fenaxon-AL-1-front-1.png\",\"datePublished\":\"2023-01-24T10:03:58+00:00\",\"dateModified\":\"2023-12-15T15:43:43+00:00\",\"breadcrumb\":{\"@id\":\"https:\/\/wedo.outcondev.com\/sq\/te-gjitha\/per-sistemin-nervor\/fenaxon\/#breadcrumb\"},\"inLanguage\":\"sq-AL\",\"potentialAction\":[{\"@type\":\"ReadAction\",\"target\":[\"https:\/\/wedo.outcondev.com\/sq\/te-gjitha\/per-sistemin-nervor\/fenaxon\/\"]}]},{\"@type\":\"ImageObject\",\"inLanguage\":\"sq-AL\",\"@id\":\"https:\/\/wedo.outcondev.com\/sq\/te-gjitha\/per-sistemin-nervor\/fenaxon\/#primaryimage\",\"url\":\"https:\/\/wedo.outcondev.com\/wp-content\/uploads\/2024\/01\/fenaxon-AL-1-front-1.png\",\"contentUrl\":\"https:\/\/wedo.outcondev.com\/wp-content\/uploads\/2024\/01\/fenaxon-AL-1-front-1.png\",\"width\":1200,\"height\":1800},{\"@type\":\"BreadcrumbList\",\"@id\":\"https:\/\/wedo.outcondev.com\/sq\/te-gjitha\/per-sistemin-nervor\/fenaxon\/#breadcrumb\",\"itemListElement\":[{\"@type\":\"ListItem\",\"position\":1,\"name\":\"Home\",\"item\":\"https:\/\/wedo.outcondev.com\/sq\/\"},{\"@type\":\"ListItem\",\"position\":2,\"name\":\"Shop\",\"item\":\"https:\/\/wedo.outcondev.com\/shop-2\/\"},{\"@type\":\"ListItem\",\"position\":3,\"name\":\"Fenaxon\"}]},{\"@type\":\"WebSite\",\"@id\":\"https:\/\/wedo.outcondev.com\/#website\",\"url\":\"https:\/\/wedo.outcondev.com\/\",\"name\":\"Wedo Care\",\"description\":\"Wedo\",\"publisher\":{\"@id\":\"https:\/\/wedo.outcondev.com\/#organization\"},\"potentialAction\":[{\"@type\":\"SearchAction\",\"target\":{\"@type\":\"EntryPoint\",\"urlTemplate\":\"https:\/\/wedo.outcondev.com\/?s={search_term_string}\"},\"query-input\":{\"@type\":\"PropertyValueSpecification\",\"valueRequired\":true,\"valueName\":\"search_term_string\"}}],\"inLanguage\":\"sq-AL\"},{\"@type\":\"Organization\",\"@id\":\"https:\/\/wedo.outcondev.com\/#organization\",\"name\":\"Wedo\",\"url\":\"https:\/\/wedo.outcondev.com\/\",\"logo\":{\"@type\":\"ImageObject\",\"inLanguage\":\"sq-AL\",\"@id\":\"https:\/\/wedo.outcondev.com\/#\/schema\/logo\/image\/\",\"url\":\"https:\/\/wedo.outcondev.com\/wp-content\/uploads\/2023\/03\/logo-horizontal.svg\",\"contentUrl\":\"https:\/\/wedo.outcondev.com\/wp-content\/uploads\/2023\/03\/logo-horizontal.svg\",\"width\":1,\"height\":1,\"caption\":\"Wedo\"},\"image\":{\"@id\":\"https:\/\/wedo.outcondev.com\/#\/schema\/logo\/image\/\"},\"sameAs\":[\"https:\/\/www.facebook.com\/wedosupplements\",\"https:\/\/www.instagram.com\/wedocaresupplements\/\"]}]}<\/script>\n<!-- \/ Yoast SEO plugin. -->","yoast_head_json":{"title":"Fenaxon - Wedo","robots":{"index":"noindex","follow":"follow","max-snippet":"max-snippet:-1","max-image-preview":"max-image-preview:large","max-video-preview":"max-video-preview:-1"},"og_locale":"sq_AL","og_type":"article","og_title":"Fenaxon - Wedo","og_description":"Fenaxon \u00ebsht\u00eb nj\u00eb produkt i rekomanduar p\u00ebr\u00a0 \u00e7rregullimete sistemit nervor periferik me veprim t\u00eb drejtp\u00ebrdrejt\u00eb n\u00eb burimin e problemit. K\u00ebtu p\u00ebrfshihen diskopatia, dhimbjet e nervit shiatik, lumbago, sindroma e tunelit karpal, pleksiti, polineuropatit\u00eb, etj.\u00a0 Fenaxon p\u00ebrmban nj\u00eb kombinim optimal t\u00eb p\u00ebrb\u00ebr\u00ebsve aktiv\u00eb q\u00eb veprojn\u00eb n\u00eb burimin e problemit n\u00eb gjendjet akute dhe kronike t\u00eb sistemit [&hellip;]","og_url":"https:\/\/wedo.outcondev.com\/sq\/te-gjitha\/per-sistemin-nervor\/fenaxon\/","og_site_name":"Wedo","article_publisher":"https:\/\/www.facebook.com\/wedosupplements","article_modified_time":"2023-12-15T15:43:43+00:00","og_image":[{"width":1080,"height":1800,"url":"https:\/\/wedo.outcondev.com\/wp-content\/uploads\/2023\/01\/1-4.png","type":"image\/png"}],"twitter_card":"summary_large_image","twitter_misc":{"Est. reading time":"1 minute"},"schema":{"@context":"https:\/\/schema.org","@graph":[{"@type":"WebPage","@id":"https:\/\/wedo.outcondev.com\/sq\/te-gjitha\/per-sistemin-nervor\/fenaxon\/","url":"https:\/\/wedo.outcondev.com\/sq\/te-gjitha\/per-sistemin-nervor\/fenaxon\/","name":"Fenaxon - Wedo","isPartOf":{"@id":"https:\/\/wedo.outcondev.com\/#website"},"primaryImageOfPage":{"@id":"https:\/\/wedo.outcondev.com\/sq\/te-gjitha\/per-sistemin-nervor\/fenaxon\/#primaryimage"},"image":{"@id":"https:\/\/wedo.outcondev.com\/sq\/te-gjitha\/per-sistemin-nervor\/fenaxon\/#primaryimage"},"thumbnailUrl":"https:\/\/wedo.outcondev.com\/wp-content\/uploads\/2024\/01\/fenaxon-AL-1-front-1.png","datePublished":"2023-01-24T10:03:58+00:00","dateModified":"2023-12-15T15:43:43+00:00","breadcrumb":{"@id":"https:\/\/wedo.outcondev.com\/sq\/te-gjitha\/per-sistemin-nervor\/fenaxon\/#breadcrumb"},"inLanguage":"sq-AL","potentialAction":[{"@type":"ReadAction","target":["https:\/\/wedo.outcondev.com\/sq\/te-gjitha\/per-sistemin-nervor\/fenaxon\/"]}]},{"@type":"ImageObject","inLanguage":"sq-AL","@id":"https:\/\/wedo.outcondev.com\/sq\/te-gjitha\/per-sistemin-nervor\/fenaxon\/#primaryimage","url":"https:\/\/wedo.outcondev.com\/wp-content\/uploads\/2024\/01\/fenaxon-AL-1-front-1.png","contentUrl":"https:\/\/wedo.outcondev.com\/wp-content\/uploads\/2024\/01\/fenaxon-AL-1-front-1.png","width":1200,"height":1800},{"@type":"BreadcrumbList","@id":"https:\/\/wedo.outcondev.com\/sq\/te-gjitha\/per-sistemin-nervor\/fenaxon\/#breadcrumb","itemListElement":[{"@type":"ListItem","position":1,"name":"Home","item":"https:\/\/wedo.outcondev.com\/sq\/"},{"@type":"ListItem","position":2,"name":"Shop","item":"https:\/\/wedo.outcondev.com\/shop-2\/"},{"@type":"ListItem","position":3,"name":"Fenaxon"}]},{"@type":"WebSite","@id":"https:\/\/wedo.outcondev.com\/#website","url":"https:\/\/wedo.outcondev.com\/","name":"Wedo Care","description":"Wedo","publisher":{"@id":"https:\/\/wedo.outcondev.com\/#organization"},"potentialAction":[{"@type":"SearchAction","target":{"@type":"EntryPoint","urlTemplate":"https:\/\/wedo.outcondev.com\/?s={search_term_string}"},"query-input":{"@type":"PropertyValueSpecification","valueRequired":true,"valueName":"search_term_string"}}],"inLanguage":"sq-AL"},{"@type":"Organization","@id":"https:\/\/wedo.outcondev.com\/#organization","name":"Wedo","url":"https:\/\/wedo.outcondev.com\/","logo":{"@type":"ImageObject","inLanguage":"sq-AL","@id":"https:\/\/wedo.outcondev.com\/#\/schema\/logo\/image\/","url":"https:\/\/wedo.outcondev.com\/wp-content\/uploads\/2023\/03\/logo-horizontal.svg","contentUrl":"https:\/\/wedo.outcondev.com\/wp-content\/uploads\/2023\/03\/logo-horizontal.svg","width":1,"height":1,"caption":"Wedo"},"image":{"@id":"https:\/\/wedo.outcondev.com\/#\/schema\/logo\/image\/"},"sameAs":["https:\/\/www.facebook.com\/wedosupplements","https:\/\/www.instagram.com\/wedocaresupplements\/"]}]}},"_links":{"self":[{"href":"https:\/\/wedo.outcondev.com\/sq\/wp-json\/wp\/v2\/product\/13064","targetHints":{"allow":["GET"]}}],"collection":[{"href":"https:\/\/wedo.outcondev.com\/sq\/wp-json\/wp\/v2\/product"}],"about":[{"href":"https:\/\/wedo.outcondev.com\/sq\/wp-json\/wp\/v2\/types\/product"}],"wp:featuredmedia":[{"embeddable":true,"href":"https:\/\/wedo.outcondev.com\/sq\/wp-json\/wp\/v2\/media\/14271"}],"wp:attachment":[{"href":"https:\/\/wedo.outcondev.com\/sq\/wp-json\/wp\/v2\/media?parent=13064"}],"wp:term":[{"taxonomy":"product_brand","embeddable":true,"href":"https:\/\/wedo.outcondev.com\/sq\/wp-json\/wp\/v2\/product_brand?post=13064"},{"taxonomy":"product_cat","embeddable":true,"href":"https:\/\/wedo.outcondev.com\/sq\/wp-json\/wp\/v2\/product_cat?post=13064"},{"taxonomy":"product_tag","embeddable":true,"href":"https:\/\/wedo.outcondev.com\/sq\/wp-json\/wp\/v2\/product_tag?post=13064"},{"taxonomy":"product_collection","embeddable":true,"href":"https:\/\/wedo.outcondev.com\/sq\/wp-json\/wp\/v2\/product_collection?post=13064"}],"curies":[{"name":"wp","href":"https:\/\/api.w.org\/{rel}","templated":true}]}}