{"id":13128,"date":"2023-01-24T11:00:38","date_gmt":"2023-01-24T09:00:38","guid":{"rendered":"https:\/\/wedo.outcondev.com\/?post_type=product&#038;p=13128"},"modified":"2023-12-15T19:09:20","modified_gmt":"2023-12-15T17:09:20","slug":"bucconox","status":"publish","type":"product","link":"https:\/\/wedo.outcondev.com\/sq\/bucconox\/","title":{"rendered":"Bucconox"},"content":{"rendered":"<p><span data-contrast=\"auto\"><strong>Bucconox<\/strong> ka nj\u00eb veprim kompleks n\u00eb cistit dhe inflamacione t\u00eb tjera t\u00eb traktit urinar, rrit prodhimin e urin\u00ebs dhe leht\u00ebson pastrimin e traktit urinar.<\/span><span data-ccp-props=\"{&quot;201341983&quot;:0,&quot;335559685&quot;:360,&quot;335559739&quot;:160,&quot;335559740&quot;:259}\">\u00a0<\/span><\/p>\n<p><span data-contrast=\"auto\">Formula e pasur e ekstrakteve t\u00eb standardizuara pastron traktin urinar nga bakteret dhe p\u00ebrmir\u00ebson funksionin e veshkave p\u00ebr nj\u00eb trakt urinar t\u00eb sh\u00ebndetsh\u00ebm. Ka nj\u00eb veprim t\u00eb shpejt\u00eb dhe leht\u00ebsues.<\/span><span data-ccp-props=\"{&quot;201341983&quot;:0,&quot;335559685&quot;:360,&quot;335559739&quot;:160,&quot;335559740&quot;:259}\">\u00a0<\/span><\/p>\n<p><b><span data-contrast=\"auto\">Ekstrakti Buchu (Barosma betulina): <\/span><\/b><span data-contrast=\"auto\">kontribuon n\u00eb sh\u00ebndetin e traktit urinar dhe leht\u00ebson simptomat e shqet\u00ebsimit akut n\u00eb cistit.<\/span> <span data-contrast=\"auto\">[2]<\/span><span data-ccp-props=\"{&quot;201341983&quot;:0,&quot;335559685&quot;:360,&quot;335559739&quot;:160,&quot;335559740&quot;:259}\">\u00a0<\/span><\/p>\n<p><b><span data-contrast=\"auto\">Ekstrakti i boronic\u00ebs s\u00eb kuqe (Vaccinium macrocarpon): <\/span><\/b><span data-contrast=\"auto\">bllokon ngjitjen e baktereve dhe mb\u00ebshtet aktivitetin diuretik t\u00eb veshkave.<\/span> <span data-contrast=\"auto\">[3]<\/span><span data-ccp-props=\"{&quot;201341983&quot;:0,&quot;335559685&quot;:360,&quot;335559739&quot;:160,&quot;335559740&quot;:259}\">\u00a0<\/span><\/p>\n<p><b><span data-contrast=\"auto\">Ekstrakti i gjetheve t\u00eb m\u00ebshtekn\u00ebs\u00a0 s\u00eb bardh\u00eb (Betula Alba): <\/span><\/b><span data-contrast=\"auto\">p\u00ebrmir\u00ebson ekuilibrin e elektroliteve dhe ka nj\u00eb efekt detoksifikues. <\/span><span data-contrast=\"auto\">[4]<\/span><span data-ccp-props=\"{&quot;201341983&quot;:0,&quot;335559685&quot;:360,&quot;335559739&quot;:160,&quot;335559740&quot;:259}\">\u00a0<\/span><\/p>\n<p><b><span data-contrast=\"auto\">Ekstrakti i manaferr\u00ebs (Arctostaphylos uva-ursi): <\/span><\/b><span data-contrast=\"auto\">leht\u00ebson shqet\u00ebsimin, redukton nevojat e shpeshta urinare dhe ka nj\u00eb efekt profilaktik.<\/span><span data-contrast=\"auto\">[5]<\/span><span data-ccp-props=\"{&quot;201341983&quot;:0,&quot;335559685&quot;:360,&quot;335559739&quot;:160,&quot;335559740&quot;:259}\">\u00a0<\/span><\/p>\n","protected":false},"excerpt":{"rendered":"<p>Bucconox ka nj\u00eb veprim kompleks n\u00eb cistit dhe inflamacione t\u00eb tjera t\u00eb traktit urinar, rrit prodhimin e urin\u00ebs dhe leht\u00ebson pastrimin e traktit urinar.\u00a0 Formula e pasur e ekstrakteve t\u00eb standardizuara pastron traktin urinar nga bakteret dhe p\u00ebrmir\u00ebson funksionin e veshkave p\u00ebr nj\u00eb trakt urinar t\u00eb sh\u00ebndetsh\u00ebm. Ka nj\u00eb veprim t\u00eb shpejt\u00eb dhe leht\u00ebsues.\u00a0 Ekstrakti [&hellip;]<\/p>\n","protected":false},"featured_media":13129,"template":"","meta":{"_acf_changed":false},"product_brand":[],"product_cat":[185,131],"product_tag":[251],"product_collection":[50],"class_list":{"0":"post-13128","1":"product","2":"type-product","3":"status-publish","4":"has-post-thumbnail","6":"product_cat-per-traktin-urinar","7":"product_cat-te-gjitha","8":"product_tag-bucconox-sq","9":"product_collection-bucconox","11":"first","12":"instock","13":"taxable","14":"shipping-taxable","15":"purchasable","16":"product-type-simple"},"acf":[],"yoast_head":"<!-- This site is optimized with the Yoast SEO plugin v23.9 - https:\/\/yoast.com\/wordpress\/plugins\/seo\/ -->\n<title>Bucconox - Wedo<\/title>\n<meta name=\"robots\" content=\"noindex, follow, max-snippet:-1, max-image-preview:large, max-video-preview:-1\" \/>\n<meta property=\"og:locale\" content=\"sq_AL\" \/>\n<meta property=\"og:type\" content=\"article\" \/>\n<meta property=\"og:title\" content=\"Bucconox - Wedo\" \/>\n<meta property=\"og:description\" content=\"Bucconox ka nj\u00eb veprim kompleks n\u00eb cistit dhe inflamacione t\u00eb tjera t\u00eb traktit urinar, rrit prodhimin e urin\u00ebs dhe leht\u00ebson pastrimin e traktit urinar.\u00a0 Formula e pasur e ekstrakteve t\u00eb standardizuara pastron traktin urinar nga bakteret dhe p\u00ebrmir\u00ebson funksionin e veshkave p\u00ebr nj\u00eb trakt urinar t\u00eb sh\u00ebndetsh\u00ebm. Ka nj\u00eb veprim t\u00eb shpejt\u00eb dhe leht\u00ebsues.\u00a0 Ekstrakti [&hellip;]\" \/>\n<meta property=\"og:url\" content=\"https:\/\/wedo.outcondev.com\/sq\/te-gjitha\/per-traktin-urinar\/bucconox\/\" \/>\n<meta property=\"og:site_name\" content=\"Wedo\" \/>\n<meta property=\"article:publisher\" content=\"https:\/\/www.facebook.com\/wedosupplements\" \/>\n<meta property=\"article:modified_time\" content=\"2023-12-15T17:09:20+00:00\" \/>\n<meta property=\"og:image\" content=\"https:\/\/wedo.outcondev.com\/wp-content\/uploads\/2023\/01\/Bucconox-AL-1.png\" \/>\n\t<meta property=\"og:image:width\" content=\"1122\" \/>\n\t<meta property=\"og:image:height\" content=\"1200\" \/>\n\t<meta property=\"og:image:type\" content=\"image\/png\" \/>\n<meta name=\"twitter:card\" content=\"summary_large_image\" \/>\n<meta name=\"twitter:label1\" content=\"Est. reading time\" \/>\n\t<meta name=\"twitter:data1\" content=\"1 minute\" \/>\n<script type=\"application\/ld+json\" class=\"yoast-schema-graph\">{\"@context\":\"https:\/\/schema.org\",\"@graph\":[{\"@type\":\"WebPage\",\"@id\":\"https:\/\/wedo.outcondev.com\/sq\/te-gjitha\/per-traktin-urinar\/bucconox\/\",\"url\":\"https:\/\/wedo.outcondev.com\/sq\/te-gjitha\/per-traktin-urinar\/bucconox\/\",\"name\":\"Bucconox - Wedo\",\"isPartOf\":{\"@id\":\"https:\/\/wedo.outcondev.com\/#website\"},\"primaryImageOfPage\":{\"@id\":\"https:\/\/wedo.outcondev.com\/sq\/te-gjitha\/per-traktin-urinar\/bucconox\/#primaryimage\"},\"image\":{\"@id\":\"https:\/\/wedo.outcondev.com\/sq\/te-gjitha\/per-traktin-urinar\/bucconox\/#primaryimage\"},\"thumbnailUrl\":\"https:\/\/wedo.outcondev.com\/wp-content\/uploads\/2023\/01\/Bucconox-AL-1.png\",\"datePublished\":\"2023-01-24T09:00:38+00:00\",\"dateModified\":\"2023-12-15T17:09:20+00:00\",\"breadcrumb\":{\"@id\":\"https:\/\/wedo.outcondev.com\/sq\/te-gjitha\/per-traktin-urinar\/bucconox\/#breadcrumb\"},\"inLanguage\":\"sq-AL\",\"potentialAction\":[{\"@type\":\"ReadAction\",\"target\":[\"https:\/\/wedo.outcondev.com\/sq\/te-gjitha\/per-traktin-urinar\/bucconox\/\"]}]},{\"@type\":\"ImageObject\",\"inLanguage\":\"sq-AL\",\"@id\":\"https:\/\/wedo.outcondev.com\/sq\/te-gjitha\/per-traktin-urinar\/bucconox\/#primaryimage\",\"url\":\"https:\/\/wedo.outcondev.com\/wp-content\/uploads\/2023\/01\/Bucconox-AL-1.png\",\"contentUrl\":\"https:\/\/wedo.outcondev.com\/wp-content\/uploads\/2023\/01\/Bucconox-AL-1.png\",\"width\":1122,\"height\":1200},{\"@type\":\"BreadcrumbList\",\"@id\":\"https:\/\/wedo.outcondev.com\/sq\/te-gjitha\/per-traktin-urinar\/bucconox\/#breadcrumb\",\"itemListElement\":[{\"@type\":\"ListItem\",\"position\":1,\"name\":\"Home\",\"item\":\"https:\/\/wedo.outcondev.com\/sq\/\"},{\"@type\":\"ListItem\",\"position\":2,\"name\":\"Shop\",\"item\":\"https:\/\/wedo.outcondev.com\/shop-2\/\"},{\"@type\":\"ListItem\",\"position\":3,\"name\":\"Bucconox\"}]},{\"@type\":\"WebSite\",\"@id\":\"https:\/\/wedo.outcondev.com\/#website\",\"url\":\"https:\/\/wedo.outcondev.com\/\",\"name\":\"Wedo Care\",\"description\":\"Wedo\",\"publisher\":{\"@id\":\"https:\/\/wedo.outcondev.com\/#organization\"},\"potentialAction\":[{\"@type\":\"SearchAction\",\"target\":{\"@type\":\"EntryPoint\",\"urlTemplate\":\"https:\/\/wedo.outcondev.com\/?s={search_term_string}\"},\"query-input\":{\"@type\":\"PropertyValueSpecification\",\"valueRequired\":true,\"valueName\":\"search_term_string\"}}],\"inLanguage\":\"sq-AL\"},{\"@type\":\"Organization\",\"@id\":\"https:\/\/wedo.outcondev.com\/#organization\",\"name\":\"Wedo\",\"url\":\"https:\/\/wedo.outcondev.com\/\",\"logo\":{\"@type\":\"ImageObject\",\"inLanguage\":\"sq-AL\",\"@id\":\"https:\/\/wedo.outcondev.com\/#\/schema\/logo\/image\/\",\"url\":\"https:\/\/wedo.outcondev.com\/wp-content\/uploads\/2023\/03\/logo-horizontal.svg\",\"contentUrl\":\"https:\/\/wedo.outcondev.com\/wp-content\/uploads\/2023\/03\/logo-horizontal.svg\",\"width\":1,\"height\":1,\"caption\":\"Wedo\"},\"image\":{\"@id\":\"https:\/\/wedo.outcondev.com\/#\/schema\/logo\/image\/\"},\"sameAs\":[\"https:\/\/www.facebook.com\/wedosupplements\",\"https:\/\/www.instagram.com\/wedocaresupplements\/\"]}]}<\/script>\n<!-- \/ Yoast SEO plugin. -->","yoast_head_json":{"title":"Bucconox - Wedo","robots":{"index":"noindex","follow":"follow","max-snippet":"max-snippet:-1","max-image-preview":"max-image-preview:large","max-video-preview":"max-video-preview:-1"},"og_locale":"sq_AL","og_type":"article","og_title":"Bucconox - Wedo","og_description":"Bucconox ka nj\u00eb veprim kompleks n\u00eb cistit dhe inflamacione t\u00eb tjera t\u00eb traktit urinar, rrit prodhimin e urin\u00ebs dhe leht\u00ebson pastrimin e traktit urinar.\u00a0 Formula e pasur e ekstrakteve t\u00eb standardizuara pastron traktin urinar nga bakteret dhe p\u00ebrmir\u00ebson funksionin e veshkave p\u00ebr nj\u00eb trakt urinar t\u00eb sh\u00ebndetsh\u00ebm. Ka nj\u00eb veprim t\u00eb shpejt\u00eb dhe leht\u00ebsues.\u00a0 Ekstrakti [&hellip;]","og_url":"https:\/\/wedo.outcondev.com\/sq\/te-gjitha\/per-traktin-urinar\/bucconox\/","og_site_name":"Wedo","article_publisher":"https:\/\/www.facebook.com\/wedosupplements","article_modified_time":"2023-12-15T17:09:20+00:00","og_image":[{"width":1122,"height":1200,"url":"https:\/\/wedo.outcondev.com\/wp-content\/uploads\/2023\/01\/Bucconox-AL-1.png","type":"image\/png"}],"twitter_card":"summary_large_image","twitter_misc":{"Est. reading time":"1 minute"},"schema":{"@context":"https:\/\/schema.org","@graph":[{"@type":"WebPage","@id":"https:\/\/wedo.outcondev.com\/sq\/te-gjitha\/per-traktin-urinar\/bucconox\/","url":"https:\/\/wedo.outcondev.com\/sq\/te-gjitha\/per-traktin-urinar\/bucconox\/","name":"Bucconox - Wedo","isPartOf":{"@id":"https:\/\/wedo.outcondev.com\/#website"},"primaryImageOfPage":{"@id":"https:\/\/wedo.outcondev.com\/sq\/te-gjitha\/per-traktin-urinar\/bucconox\/#primaryimage"},"image":{"@id":"https:\/\/wedo.outcondev.com\/sq\/te-gjitha\/per-traktin-urinar\/bucconox\/#primaryimage"},"thumbnailUrl":"https:\/\/wedo.outcondev.com\/wp-content\/uploads\/2023\/01\/Bucconox-AL-1.png","datePublished":"2023-01-24T09:00:38+00:00","dateModified":"2023-12-15T17:09:20+00:00","breadcrumb":{"@id":"https:\/\/wedo.outcondev.com\/sq\/te-gjitha\/per-traktin-urinar\/bucconox\/#breadcrumb"},"inLanguage":"sq-AL","potentialAction":[{"@type":"ReadAction","target":["https:\/\/wedo.outcondev.com\/sq\/te-gjitha\/per-traktin-urinar\/bucconox\/"]}]},{"@type":"ImageObject","inLanguage":"sq-AL","@id":"https:\/\/wedo.outcondev.com\/sq\/te-gjitha\/per-traktin-urinar\/bucconox\/#primaryimage","url":"https:\/\/wedo.outcondev.com\/wp-content\/uploads\/2023\/01\/Bucconox-AL-1.png","contentUrl":"https:\/\/wedo.outcondev.com\/wp-content\/uploads\/2023\/01\/Bucconox-AL-1.png","width":1122,"height":1200},{"@type":"BreadcrumbList","@id":"https:\/\/wedo.outcondev.com\/sq\/te-gjitha\/per-traktin-urinar\/bucconox\/#breadcrumb","itemListElement":[{"@type":"ListItem","position":1,"name":"Home","item":"https:\/\/wedo.outcondev.com\/sq\/"},{"@type":"ListItem","position":2,"name":"Shop","item":"https:\/\/wedo.outcondev.com\/shop-2\/"},{"@type":"ListItem","position":3,"name":"Bucconox"}]},{"@type":"WebSite","@id":"https:\/\/wedo.outcondev.com\/#website","url":"https:\/\/wedo.outcondev.com\/","name":"Wedo Care","description":"Wedo","publisher":{"@id":"https:\/\/wedo.outcondev.com\/#organization"},"potentialAction":[{"@type":"SearchAction","target":{"@type":"EntryPoint","urlTemplate":"https:\/\/wedo.outcondev.com\/?s={search_term_string}"},"query-input":{"@type":"PropertyValueSpecification","valueRequired":true,"valueName":"search_term_string"}}],"inLanguage":"sq-AL"},{"@type":"Organization","@id":"https:\/\/wedo.outcondev.com\/#organization","name":"Wedo","url":"https:\/\/wedo.outcondev.com\/","logo":{"@type":"ImageObject","inLanguage":"sq-AL","@id":"https:\/\/wedo.outcondev.com\/#\/schema\/logo\/image\/","url":"https:\/\/wedo.outcondev.com\/wp-content\/uploads\/2023\/03\/logo-horizontal.svg","contentUrl":"https:\/\/wedo.outcondev.com\/wp-content\/uploads\/2023\/03\/logo-horizontal.svg","width":1,"height":1,"caption":"Wedo"},"image":{"@id":"https:\/\/wedo.outcondev.com\/#\/schema\/logo\/image\/"},"sameAs":["https:\/\/www.facebook.com\/wedosupplements","https:\/\/www.instagram.com\/wedocaresupplements\/"]}]}},"_links":{"self":[{"href":"https:\/\/wedo.outcondev.com\/sq\/wp-json\/wp\/v2\/product\/13128","targetHints":{"allow":["GET"]}}],"collection":[{"href":"https:\/\/wedo.outcondev.com\/sq\/wp-json\/wp\/v2\/product"}],"about":[{"href":"https:\/\/wedo.outcondev.com\/sq\/wp-json\/wp\/v2\/types\/product"}],"wp:featuredmedia":[{"embeddable":true,"href":"https:\/\/wedo.outcondev.com\/sq\/wp-json\/wp\/v2\/media\/13129"}],"wp:attachment":[{"href":"https:\/\/wedo.outcondev.com\/sq\/wp-json\/wp\/v2\/media?parent=13128"}],"wp:term":[{"taxonomy":"product_brand","embeddable":true,"href":"https:\/\/wedo.outcondev.com\/sq\/wp-json\/wp\/v2\/product_brand?post=13128"},{"taxonomy":"product_cat","embeddable":true,"href":"https:\/\/wedo.outcondev.com\/sq\/wp-json\/wp\/v2\/product_cat?post=13128"},{"taxonomy":"product_tag","embeddable":true,"href":"https:\/\/wedo.outcondev.com\/sq\/wp-json\/wp\/v2\/product_tag?post=13128"},{"taxonomy":"product_collection","embeddable":true,"href":"https:\/\/wedo.outcondev.com\/sq\/wp-json\/wp\/v2\/product_collection?post=13128"}],"curies":[{"name":"wp","href":"https:\/\/api.w.org\/{rel}","templated":true}]}}