{"id":13197,"date":"2023-01-24T10:30:37","date_gmt":"2023-01-24T08:30:37","guid":{"rendered":"https:\/\/wedo.outcondev.com\/?post_type=product&#038;p=13197"},"modified":"2023-12-17T14:11:13","modified_gmt":"2023-12-17T12:11:13","slug":"amiko-active","status":"publish","type":"product","link":"https:\/\/wedo.outcondev.com\/sq\/amiko-active\/","title":{"rendered":"Amiko Active"},"content":{"rendered":"<p><span data-contrast=\"auto\">Formula e\u00a0 <strong>Amiko Active<\/strong> p\u00ebrmban p\u00ebrb\u00ebr\u00ebs aktiv\u00eb unik\u00eb t\u00eb v\u00ebrtetuar klinikisht q\u00eb normalizojn\u00eb presionin e gjakut, profilin e lipideve dhe p\u00ebrmir\u00ebsojn\u00eb funksionin kardiovaskular<\/span><span data-contrast=\"none\">.<\/span><span data-ccp-props=\"{&quot;201341983&quot;:0,&quot;335559739&quot;:160,&quot;335559740&quot;:259}\">\u00a0<\/span><\/p>\n<p><b><span data-contrast=\"auto\">Ekstrakt i tr\u00ebndafilit t\u00eb Sudanit<\/span><\/b><span data-contrast=\"auto\">: rregullon presionin e gjakut dhe optimizon profilin e lipideve[1]<\/span><span data-ccp-props=\"{&quot;201341983&quot;:0,&quot;335559739&quot;:160,&quot;335559740&quot;:259}\">\u00a0<\/span><\/p>\n<p><b><span data-contrast=\"auto\">Ekstrakt i hudhr\u00ebs s\u00eb zez\u00eb japoneze<\/span><\/b><span data-contrast=\"auto\">: balancon rrahjet e zemr\u00ebs dhe nivelet e kolesterolit[2<\/span><span data-ccp-props=\"{&quot;201341983&quot;:0,&quot;335559739&quot;:160,&quot;335559740&quot;:259}\">\u00a0<\/span><\/p>\n<p><b><span data-contrast=\"auto\">Kaliumi:<\/span><\/b><span data-contrast=\"auto\"> kontribuon n\u00eb presionin normal t\u00eb gjakut dhe ruan ekuilibrin e elektroliteve n\u00eb trup[3]<\/span><span data-ccp-props=\"{&quot;201341983&quot;:0,&quot;335559739&quot;:160,&quot;335559740&quot;:259}\">\u00a0<\/span><\/p>\n<p><b><span data-contrast=\"auto\">Ekstrakti i murrizit<\/span><\/b><span data-contrast=\"auto\">: rrit rrjedhjen e oksigjenit dhe p\u00ebrmir\u00ebson rrjedhjen koronare t\u00eb gjakut[4<\/span><span data-ccp-props=\"{&quot;201341983&quot;:0,&quot;335559739&quot;:160,&quot;335559740&quot;:259}\">\u00a0<\/span><\/p>\n<p><b><span data-contrast=\"auto\">Magnezi<\/span><\/b><span data-contrast=\"auto\">: kontribuon n\u00eb normalizimin e ritmit t\u00eb zemr\u00ebs dhe redukton ndjenj\u00ebn e lodhjes[5]<\/span><span data-ccp-props=\"{&quot;201341983&quot;:0,&quot;335559739&quot;:160,&quot;335559740&quot;:259}\">\u00a0<\/span><\/p>\n<p><b><span data-contrast=\"auto\">Vitaminat B1 dhe B6:<\/span><\/b><span data-contrast=\"auto\"> balancojn\u00eb sistemin nervor dhe ndihmojn\u00eb n\u00eb formimin e qelizave t\u00eb kuqe t\u00eb gjakut[6]<\/span><span data-ccp-props=\"{&quot;201341983&quot;:0,&quot;335559739&quot;:160,&quot;335559740&quot;:259}\">\u00a0<\/span><\/p>\n","protected":false},"excerpt":{"rendered":"<p>Formula e\u00a0 Amiko Active p\u00ebrmban p\u00ebrb\u00ebr\u00ebs aktiv\u00eb unik\u00eb t\u00eb v\u00ebrtetuar klinikisht q\u00eb normalizojn\u00eb presionin e gjakut, profilin e lipideve dhe p\u00ebrmir\u00ebsojn\u00eb funksionin kardiovaskular.\u00a0 Ekstrakt i tr\u00ebndafilit t\u00eb Sudanit: rregullon presionin e gjakut dhe optimizon profilin e lipideve[1]\u00a0 Ekstrakt i hudhr\u00ebs s\u00eb zez\u00eb japoneze: balancon rrahjet e zemr\u00ebs dhe nivelet e kolesterolit[2\u00a0 Kaliumi: kontribuon n\u00eb presionin [&hellip;]<\/p>\n","protected":false},"featured_media":13183,"template":"","meta":{"_acf_changed":false},"product_brand":[],"product_cat":[131,132],"product_tag":[261],"product_collection":[48],"class_list":{"0":"post-13197","1":"product","2":"type-product","3":"status-publish","4":"has-post-thumbnail","6":"product_cat-te-gjitha","7":"product_cat-per-zemren-dhe-qarkullimin-te-gjakut","8":"product_tag-amiko-active-sq","9":"product_collection-amiko-active","11":"first","12":"instock","13":"taxable","14":"shipping-taxable","15":"purchasable","16":"product-type-simple"},"acf":[],"yoast_head":"<!-- This site is optimized with the Yoast SEO plugin v23.9 - https:\/\/yoast.com\/wordpress\/plugins\/seo\/ -->\n<title>Amiko Active - Wedo<\/title>\n<meta name=\"robots\" content=\"noindex, follow, max-snippet:-1, max-image-preview:large, max-video-preview:-1\" \/>\n<meta property=\"og:locale\" content=\"sq_AL\" \/>\n<meta property=\"og:type\" content=\"article\" \/>\n<meta property=\"og:title\" content=\"Amiko Active - Wedo\" \/>\n<meta property=\"og:description\" content=\"Formula e\u00a0 Amiko Active p\u00ebrmban p\u00ebrb\u00ebr\u00ebs aktiv\u00eb unik\u00eb t\u00eb v\u00ebrtetuar klinikisht q\u00eb normalizojn\u00eb presionin e gjakut, profilin e lipideve dhe p\u00ebrmir\u00ebsojn\u00eb funksionin kardiovaskular.\u00a0 Ekstrakt i tr\u00ebndafilit t\u00eb Sudanit: rregullon presionin e gjakut dhe optimizon profilin e lipideve[1]\u00a0 Ekstrakt i hudhr\u00ebs s\u00eb zez\u00eb japoneze: balancon rrahjet e zemr\u00ebs dhe nivelet e kolesterolit[2\u00a0 Kaliumi: kontribuon n\u00eb presionin [&hellip;]\" \/>\n<meta property=\"og:url\" content=\"https:\/\/wedo.outcondev.com\/sq\/te-gjitha\/per-zemren-dhe-qarkullimin-te-gjakut\/amiko-active\/\" \/>\n<meta property=\"og:site_name\" content=\"Wedo\" \/>\n<meta property=\"article:publisher\" content=\"https:\/\/www.facebook.com\/wedosupplements\" \/>\n<meta property=\"article:modified_time\" content=\"2023-12-17T12:11:13+00:00\" \/>\n<meta property=\"og:image\" content=\"https:\/\/wedo.outcondev.com\/wp-content\/uploads\/2023\/01\/Amiko-Active-EN-1.png\" \/>\n\t<meta property=\"og:image:width\" content=\"1125\" \/>\n\t<meta property=\"og:image:height\" content=\"1800\" \/>\n\t<meta property=\"og:image:type\" content=\"image\/png\" \/>\n<meta name=\"twitter:card\" content=\"summary_large_image\" \/>\n<meta name=\"twitter:label1\" content=\"Est. reading time\" \/>\n\t<meta name=\"twitter:data1\" content=\"1 minute\" \/>\n<script type=\"application\/ld+json\" class=\"yoast-schema-graph\">{\"@context\":\"https:\/\/schema.org\",\"@graph\":[{\"@type\":\"WebPage\",\"@id\":\"https:\/\/wedo.outcondev.com\/sq\/te-gjitha\/per-zemren-dhe-qarkullimin-te-gjakut\/amiko-active\/\",\"url\":\"https:\/\/wedo.outcondev.com\/sq\/te-gjitha\/per-zemren-dhe-qarkullimin-te-gjakut\/amiko-active\/\",\"name\":\"Amiko Active - Wedo\",\"isPartOf\":{\"@id\":\"https:\/\/wedo.outcondev.com\/#website\"},\"primaryImageOfPage\":{\"@id\":\"https:\/\/wedo.outcondev.com\/sq\/te-gjitha\/per-zemren-dhe-qarkullimin-te-gjakut\/amiko-active\/#primaryimage\"},\"image\":{\"@id\":\"https:\/\/wedo.outcondev.com\/sq\/te-gjitha\/per-zemren-dhe-qarkullimin-te-gjakut\/amiko-active\/#primaryimage\"},\"thumbnailUrl\":\"https:\/\/wedo.outcondev.com\/wp-content\/uploads\/2023\/01\/Amiko-Active-EN-1.png\",\"datePublished\":\"2023-01-24T08:30:37+00:00\",\"dateModified\":\"2023-12-17T12:11:13+00:00\",\"breadcrumb\":{\"@id\":\"https:\/\/wedo.outcondev.com\/sq\/te-gjitha\/per-zemren-dhe-qarkullimin-te-gjakut\/amiko-active\/#breadcrumb\"},\"inLanguage\":\"sq-AL\",\"potentialAction\":[{\"@type\":\"ReadAction\",\"target\":[\"https:\/\/wedo.outcondev.com\/sq\/te-gjitha\/per-zemren-dhe-qarkullimin-te-gjakut\/amiko-active\/\"]}]},{\"@type\":\"ImageObject\",\"inLanguage\":\"sq-AL\",\"@id\":\"https:\/\/wedo.outcondev.com\/sq\/te-gjitha\/per-zemren-dhe-qarkullimin-te-gjakut\/amiko-active\/#primaryimage\",\"url\":\"https:\/\/wedo.outcondev.com\/wp-content\/uploads\/2023\/01\/Amiko-Active-EN-1.png\",\"contentUrl\":\"https:\/\/wedo.outcondev.com\/wp-content\/uploads\/2023\/01\/Amiko-Active-EN-1.png\",\"width\":1125,\"height\":1800},{\"@type\":\"BreadcrumbList\",\"@id\":\"https:\/\/wedo.outcondev.com\/sq\/te-gjitha\/per-zemren-dhe-qarkullimin-te-gjakut\/amiko-active\/#breadcrumb\",\"itemListElement\":[{\"@type\":\"ListItem\",\"position\":1,\"name\":\"Home\",\"item\":\"https:\/\/wedo.outcondev.com\/sq\/\"},{\"@type\":\"ListItem\",\"position\":2,\"name\":\"Shop\",\"item\":\"https:\/\/wedo.outcondev.com\/shop-2\/\"},{\"@type\":\"ListItem\",\"position\":3,\"name\":\"Amiko Active\"}]},{\"@type\":\"WebSite\",\"@id\":\"https:\/\/wedo.outcondev.com\/#website\",\"url\":\"https:\/\/wedo.outcondev.com\/\",\"name\":\"Wedo Care\",\"description\":\"Wedo\",\"publisher\":{\"@id\":\"https:\/\/wedo.outcondev.com\/#organization\"},\"potentialAction\":[{\"@type\":\"SearchAction\",\"target\":{\"@type\":\"EntryPoint\",\"urlTemplate\":\"https:\/\/wedo.outcondev.com\/?s={search_term_string}\"},\"query-input\":{\"@type\":\"PropertyValueSpecification\",\"valueRequired\":true,\"valueName\":\"search_term_string\"}}],\"inLanguage\":\"sq-AL\"},{\"@type\":\"Organization\",\"@id\":\"https:\/\/wedo.outcondev.com\/#organization\",\"name\":\"Wedo\",\"url\":\"https:\/\/wedo.outcondev.com\/\",\"logo\":{\"@type\":\"ImageObject\",\"inLanguage\":\"sq-AL\",\"@id\":\"https:\/\/wedo.outcondev.com\/#\/schema\/logo\/image\/\",\"url\":\"https:\/\/wedo.outcondev.com\/wp-content\/uploads\/2023\/03\/logo-horizontal.svg\",\"contentUrl\":\"https:\/\/wedo.outcondev.com\/wp-content\/uploads\/2023\/03\/logo-horizontal.svg\",\"width\":1,\"height\":1,\"caption\":\"Wedo\"},\"image\":{\"@id\":\"https:\/\/wedo.outcondev.com\/#\/schema\/logo\/image\/\"},\"sameAs\":[\"https:\/\/www.facebook.com\/wedosupplements\",\"https:\/\/www.instagram.com\/wedocaresupplements\/\"]}]}<\/script>\n<!-- \/ Yoast SEO plugin. -->","yoast_head_json":{"title":"Amiko Active - Wedo","robots":{"index":"noindex","follow":"follow","max-snippet":"max-snippet:-1","max-image-preview":"max-image-preview:large","max-video-preview":"max-video-preview:-1"},"og_locale":"sq_AL","og_type":"article","og_title":"Amiko Active - Wedo","og_description":"Formula e\u00a0 Amiko Active p\u00ebrmban p\u00ebrb\u00ebr\u00ebs aktiv\u00eb unik\u00eb t\u00eb v\u00ebrtetuar klinikisht q\u00eb normalizojn\u00eb presionin e gjakut, profilin e lipideve dhe p\u00ebrmir\u00ebsojn\u00eb funksionin kardiovaskular.\u00a0 Ekstrakt i tr\u00ebndafilit t\u00eb Sudanit: rregullon presionin e gjakut dhe optimizon profilin e lipideve[1]\u00a0 Ekstrakt i hudhr\u00ebs s\u00eb zez\u00eb japoneze: balancon rrahjet e zemr\u00ebs dhe nivelet e kolesterolit[2\u00a0 Kaliumi: kontribuon n\u00eb presionin [&hellip;]","og_url":"https:\/\/wedo.outcondev.com\/sq\/te-gjitha\/per-zemren-dhe-qarkullimin-te-gjakut\/amiko-active\/","og_site_name":"Wedo","article_publisher":"https:\/\/www.facebook.com\/wedosupplements","article_modified_time":"2023-12-17T12:11:13+00:00","og_image":[{"width":1125,"height":1800,"url":"https:\/\/wedo.outcondev.com\/wp-content\/uploads\/2023\/01\/Amiko-Active-EN-1.png","type":"image\/png"}],"twitter_card":"summary_large_image","twitter_misc":{"Est. reading time":"1 minute"},"schema":{"@context":"https:\/\/schema.org","@graph":[{"@type":"WebPage","@id":"https:\/\/wedo.outcondev.com\/sq\/te-gjitha\/per-zemren-dhe-qarkullimin-te-gjakut\/amiko-active\/","url":"https:\/\/wedo.outcondev.com\/sq\/te-gjitha\/per-zemren-dhe-qarkullimin-te-gjakut\/amiko-active\/","name":"Amiko Active - Wedo","isPartOf":{"@id":"https:\/\/wedo.outcondev.com\/#website"},"primaryImageOfPage":{"@id":"https:\/\/wedo.outcondev.com\/sq\/te-gjitha\/per-zemren-dhe-qarkullimin-te-gjakut\/amiko-active\/#primaryimage"},"image":{"@id":"https:\/\/wedo.outcondev.com\/sq\/te-gjitha\/per-zemren-dhe-qarkullimin-te-gjakut\/amiko-active\/#primaryimage"},"thumbnailUrl":"https:\/\/wedo.outcondev.com\/wp-content\/uploads\/2023\/01\/Amiko-Active-EN-1.png","datePublished":"2023-01-24T08:30:37+00:00","dateModified":"2023-12-17T12:11:13+00:00","breadcrumb":{"@id":"https:\/\/wedo.outcondev.com\/sq\/te-gjitha\/per-zemren-dhe-qarkullimin-te-gjakut\/amiko-active\/#breadcrumb"},"inLanguage":"sq-AL","potentialAction":[{"@type":"ReadAction","target":["https:\/\/wedo.outcondev.com\/sq\/te-gjitha\/per-zemren-dhe-qarkullimin-te-gjakut\/amiko-active\/"]}]},{"@type":"ImageObject","inLanguage":"sq-AL","@id":"https:\/\/wedo.outcondev.com\/sq\/te-gjitha\/per-zemren-dhe-qarkullimin-te-gjakut\/amiko-active\/#primaryimage","url":"https:\/\/wedo.outcondev.com\/wp-content\/uploads\/2023\/01\/Amiko-Active-EN-1.png","contentUrl":"https:\/\/wedo.outcondev.com\/wp-content\/uploads\/2023\/01\/Amiko-Active-EN-1.png","width":1125,"height":1800},{"@type":"BreadcrumbList","@id":"https:\/\/wedo.outcondev.com\/sq\/te-gjitha\/per-zemren-dhe-qarkullimin-te-gjakut\/amiko-active\/#breadcrumb","itemListElement":[{"@type":"ListItem","position":1,"name":"Home","item":"https:\/\/wedo.outcondev.com\/sq\/"},{"@type":"ListItem","position":2,"name":"Shop","item":"https:\/\/wedo.outcondev.com\/shop-2\/"},{"@type":"ListItem","position":3,"name":"Amiko Active"}]},{"@type":"WebSite","@id":"https:\/\/wedo.outcondev.com\/#website","url":"https:\/\/wedo.outcondev.com\/","name":"Wedo Care","description":"Wedo","publisher":{"@id":"https:\/\/wedo.outcondev.com\/#organization"},"potentialAction":[{"@type":"SearchAction","target":{"@type":"EntryPoint","urlTemplate":"https:\/\/wedo.outcondev.com\/?s={search_term_string}"},"query-input":{"@type":"PropertyValueSpecification","valueRequired":true,"valueName":"search_term_string"}}],"inLanguage":"sq-AL"},{"@type":"Organization","@id":"https:\/\/wedo.outcondev.com\/#organization","name":"Wedo","url":"https:\/\/wedo.outcondev.com\/","logo":{"@type":"ImageObject","inLanguage":"sq-AL","@id":"https:\/\/wedo.outcondev.com\/#\/schema\/logo\/image\/","url":"https:\/\/wedo.outcondev.com\/wp-content\/uploads\/2023\/03\/logo-horizontal.svg","contentUrl":"https:\/\/wedo.outcondev.com\/wp-content\/uploads\/2023\/03\/logo-horizontal.svg","width":1,"height":1,"caption":"Wedo"},"image":{"@id":"https:\/\/wedo.outcondev.com\/#\/schema\/logo\/image\/"},"sameAs":["https:\/\/www.facebook.com\/wedosupplements","https:\/\/www.instagram.com\/wedocaresupplements\/"]}]}},"_links":{"self":[{"href":"https:\/\/wedo.outcondev.com\/sq\/wp-json\/wp\/v2\/product\/13197","targetHints":{"allow":["GET"]}}],"collection":[{"href":"https:\/\/wedo.outcondev.com\/sq\/wp-json\/wp\/v2\/product"}],"about":[{"href":"https:\/\/wedo.outcondev.com\/sq\/wp-json\/wp\/v2\/types\/product"}],"wp:featuredmedia":[{"embeddable":true,"href":"https:\/\/wedo.outcondev.com\/sq\/wp-json\/wp\/v2\/media\/13183"}],"wp:attachment":[{"href":"https:\/\/wedo.outcondev.com\/sq\/wp-json\/wp\/v2\/media?parent=13197"}],"wp:term":[{"taxonomy":"product_brand","embeddable":true,"href":"https:\/\/wedo.outcondev.com\/sq\/wp-json\/wp\/v2\/product_brand?post=13197"},{"taxonomy":"product_cat","embeddable":true,"href":"https:\/\/wedo.outcondev.com\/sq\/wp-json\/wp\/v2\/product_cat?post=13197"},{"taxonomy":"product_tag","embeddable":true,"href":"https:\/\/wedo.outcondev.com\/sq\/wp-json\/wp\/v2\/product_tag?post=13197"},{"taxonomy":"product_collection","embeddable":true,"href":"https:\/\/wedo.outcondev.com\/sq\/wp-json\/wp\/v2\/product_collection?post=13197"}],"curies":[{"name":"wp","href":"https:\/\/api.w.org\/{rel}","templated":true}]}}