{"id":13217,"date":"2023-01-24T10:54:30","date_gmt":"2023-01-24T08:54:30","guid":{"rendered":"https:\/\/wedo.outcondev.com\/?post_type=product&#038;p=13217"},"modified":"2023-12-18T17:10:45","modified_gmt":"2023-12-18T15:10:45","slug":"stadyxin","status":"publish","type":"product","link":"https:\/\/wedo.outcondev.com\/sq\/stadyxin\/","title":{"rendered":"Stadyxin"},"content":{"rendered":"<p><span data-contrast=\"auto\"><strong>Stadyxin<\/strong> p\u00ebrmir\u00ebson qarkullimin e gjakut n\u00eb gjymtyr\u00eb n\u00eb duar dhe k\u00ebmb\u00eb t\u00eb ftohta dhe redukton lodhjen mendore duke p\u00ebrmir\u00ebsuar qarkullimin cerebral.<\/span><span data-ccp-props=\"{&quot;201341983&quot;:0,&quot;335559739&quot;:160,&quot;335559740&quot;:259}\">\u00a0<\/span><\/p>\n<p><span data-contrast=\"auto\">Marrja e rregullt e <strong>Stadyxin<\/strong> balancon sistemin nervor dhe rrit rezistenc\u00ebn e trupit ndaj stresit dhe lodhjes. Formula e tij komplekse kombinon p\u00ebrb\u00ebr\u00ebs p\u00ebr furnizim optimal t\u00eb gjakut.[1, 3]<\/span><span data-ccp-props=\"{&quot;201341983&quot;:0,&quot;335559739&quot;:160,&quot;335559740&quot;:259}\">\u00a0<\/span><\/p>\n<p><b><span data-contrast=\"auto\">Ginkgo Biloba<\/span><\/b><span data-contrast=\"auto\"> stimulon qarkullimin e gjakut n\u00eb gjymtyr\u00eb dhe tru. [1-3]\u00a0<\/span><span data-ccp-props=\"{&quot;201341983&quot;:0,&quot;335559739&quot;:160,&quot;335559740&quot;:259}\">\u00a0<\/span><\/p>\n<p><b><span data-contrast=\"auto\">Seleni <\/span><\/b><span data-contrast=\"auto\">redukton stresin oksidativ dhe rregullon funksionin e tiroides. [4] <\/span><span data-ccp-props=\"{&quot;201341983&quot;:0,&quot;335559739&quot;:160,&quot;335559740&quot;:259}\">\u00a0<\/span><\/p>\n<p><b><span data-contrast=\"auto\">Zinku <\/span><\/b><span data-contrast=\"auto\">ngadal\u00ebson plakjen e qelizave duke neutralizuar radikalet e lira dhe duke mb\u00ebshtetur funksionin e trurit[5]\u00a0<\/span><span data-ccp-props=\"{&quot;201341983&quot;:0,&quot;335559739&quot;:160,&quot;335559740&quot;:259}\">\u00a0<\/span><\/p>\n<p><b><span data-contrast=\"auto\">Vitamina B6<\/span><\/b><span data-contrast=\"auto\"> rregullon funksionin e sistemit nervor, rrit tonin dhe disponimin. [6]<\/span><span data-ccp-props=\"{&quot;201341983&quot;:0,&quot;335559739&quot;:160,&quot;335559740&quot;:259}\">\u00a0<\/span><\/p>\n","protected":false},"excerpt":{"rendered":"<p>Stadyxin p\u00ebrmir\u00ebson qarkullimin e gjakut n\u00eb gjymtyr\u00eb n\u00eb duar dhe k\u00ebmb\u00eb t\u00eb ftohta dhe redukton lodhjen mendore duke p\u00ebrmir\u00ebsuar qarkullimin cerebral.\u00a0 Marrja e rregullt e Stadyxin balancon sistemin nervor dhe rrit rezistenc\u00ebn e trupit ndaj stresit dhe lodhjes. Formula e tij komplekse kombinon p\u00ebrb\u00ebr\u00ebs p\u00ebr furnizim optimal t\u00eb gjakut.[1, 3]\u00a0 Ginkgo Biloba stimulon qarkullimin e [&hellip;]<\/p>\n","protected":false},"featured_media":13203,"template":"","meta":{"_acf_changed":false},"product_brand":[],"product_cat":[173,131,132],"product_tag":[],"product_collection":[56],"class_list":{"0":"post-13217","1":"product","2":"type-product","3":"status-publish","4":"has-post-thumbnail","6":"product_cat-per-kujtese","7":"product_cat-te-gjitha","8":"product_cat-per-zemren-dhe-qarkullimin-te-gjakut","9":"product_collection-stadyxin","11":"first","12":"instock","13":"taxable","14":"shipping-taxable","15":"purchasable","16":"product-type-simple"},"acf":[],"yoast_head":"<!-- This site is optimized with the Yoast SEO plugin v23.9 - https:\/\/yoast.com\/wordpress\/plugins\/seo\/ -->\n<title>Stadyxin - Wedo<\/title>\n<meta name=\"robots\" content=\"noindex, follow, max-snippet:-1, max-image-preview:large, max-video-preview:-1\" \/>\n<meta property=\"og:locale\" content=\"sq_AL\" \/>\n<meta property=\"og:type\" content=\"article\" \/>\n<meta property=\"og:title\" content=\"Stadyxin - Wedo\" \/>\n<meta property=\"og:description\" content=\"Stadyxin p\u00ebrmir\u00ebson qarkullimin e gjakut n\u00eb gjymtyr\u00eb n\u00eb duar dhe k\u00ebmb\u00eb t\u00eb ftohta dhe redukton lodhjen mendore duke p\u00ebrmir\u00ebsuar qarkullimin cerebral.\u00a0 Marrja e rregullt e Stadyxin balancon sistemin nervor dhe rrit rezistenc\u00ebn e trupit ndaj stresit dhe lodhjes. Formula e tij komplekse kombinon p\u00ebrb\u00ebr\u00ebs p\u00ebr furnizim optimal t\u00eb gjakut.[1, 3]\u00a0 Ginkgo Biloba stimulon qarkullimin e [&hellip;]\" \/>\n<meta property=\"og:url\" content=\"https:\/\/wedo.outcondev.com\/sq\/te-gjitha\/per-zemren-dhe-qarkullimin-te-gjakut\/stadyxin\/\" \/>\n<meta property=\"og:site_name\" content=\"Wedo\" \/>\n<meta property=\"article:publisher\" content=\"https:\/\/www.facebook.com\/wedosupplements\" \/>\n<meta property=\"article:modified_time\" content=\"2023-12-18T15:10:45+00:00\" \/>\n<meta property=\"og:image\" content=\"https:\/\/wedo.outcondev.com\/wp-content\/uploads\/2023\/01\/Stadixyn-1.png\" \/>\n\t<meta property=\"og:image:width\" content=\"1800\" \/>\n\t<meta property=\"og:image:height\" content=\"1200\" \/>\n\t<meta property=\"og:image:type\" content=\"image\/png\" \/>\n<meta name=\"twitter:card\" content=\"summary_large_image\" \/>\n<meta name=\"twitter:label1\" content=\"Est. reading time\" \/>\n\t<meta name=\"twitter:data1\" content=\"1 minute\" \/>\n<script type=\"application\/ld+json\" class=\"yoast-schema-graph\">{\"@context\":\"https:\/\/schema.org\",\"@graph\":[{\"@type\":\"WebPage\",\"@id\":\"https:\/\/wedo.outcondev.com\/sq\/te-gjitha\/per-zemren-dhe-qarkullimin-te-gjakut\/stadyxin\/\",\"url\":\"https:\/\/wedo.outcondev.com\/sq\/te-gjitha\/per-zemren-dhe-qarkullimin-te-gjakut\/stadyxin\/\",\"name\":\"Stadyxin - Wedo\",\"isPartOf\":{\"@id\":\"https:\/\/wedo.outcondev.com\/#website\"},\"primaryImageOfPage\":{\"@id\":\"https:\/\/wedo.outcondev.com\/sq\/te-gjitha\/per-zemren-dhe-qarkullimin-te-gjakut\/stadyxin\/#primaryimage\"},\"image\":{\"@id\":\"https:\/\/wedo.outcondev.com\/sq\/te-gjitha\/per-zemren-dhe-qarkullimin-te-gjakut\/stadyxin\/#primaryimage\"},\"thumbnailUrl\":\"https:\/\/wedo.outcondev.com\/wp-content\/uploads\/2023\/01\/Stadixyn-1.png\",\"datePublished\":\"2023-01-24T08:54:30+00:00\",\"dateModified\":\"2023-12-18T15:10:45+00:00\",\"breadcrumb\":{\"@id\":\"https:\/\/wedo.outcondev.com\/sq\/te-gjitha\/per-zemren-dhe-qarkullimin-te-gjakut\/stadyxin\/#breadcrumb\"},\"inLanguage\":\"sq-AL\",\"potentialAction\":[{\"@type\":\"ReadAction\",\"target\":[\"https:\/\/wedo.outcondev.com\/sq\/te-gjitha\/per-zemren-dhe-qarkullimin-te-gjakut\/stadyxin\/\"]}]},{\"@type\":\"ImageObject\",\"inLanguage\":\"sq-AL\",\"@id\":\"https:\/\/wedo.outcondev.com\/sq\/te-gjitha\/per-zemren-dhe-qarkullimin-te-gjakut\/stadyxin\/#primaryimage\",\"url\":\"https:\/\/wedo.outcondev.com\/wp-content\/uploads\/2023\/01\/Stadixyn-1.png\",\"contentUrl\":\"https:\/\/wedo.outcondev.com\/wp-content\/uploads\/2023\/01\/Stadixyn-1.png\",\"width\":1800,\"height\":1200},{\"@type\":\"BreadcrumbList\",\"@id\":\"https:\/\/wedo.outcondev.com\/sq\/te-gjitha\/per-zemren-dhe-qarkullimin-te-gjakut\/stadyxin\/#breadcrumb\",\"itemListElement\":[{\"@type\":\"ListItem\",\"position\":1,\"name\":\"Home\",\"item\":\"https:\/\/wedo.outcondev.com\/sq\/\"},{\"@type\":\"ListItem\",\"position\":2,\"name\":\"Shop\",\"item\":\"https:\/\/wedo.outcondev.com\/shop-2\/\"},{\"@type\":\"ListItem\",\"position\":3,\"name\":\"Stadyxin\"}]},{\"@type\":\"WebSite\",\"@id\":\"https:\/\/wedo.outcondev.com\/#website\",\"url\":\"https:\/\/wedo.outcondev.com\/\",\"name\":\"Wedo Care\",\"description\":\"Wedo\",\"publisher\":{\"@id\":\"https:\/\/wedo.outcondev.com\/#organization\"},\"potentialAction\":[{\"@type\":\"SearchAction\",\"target\":{\"@type\":\"EntryPoint\",\"urlTemplate\":\"https:\/\/wedo.outcondev.com\/?s={search_term_string}\"},\"query-input\":{\"@type\":\"PropertyValueSpecification\",\"valueRequired\":true,\"valueName\":\"search_term_string\"}}],\"inLanguage\":\"sq-AL\"},{\"@type\":\"Organization\",\"@id\":\"https:\/\/wedo.outcondev.com\/#organization\",\"name\":\"Wedo\",\"url\":\"https:\/\/wedo.outcondev.com\/\",\"logo\":{\"@type\":\"ImageObject\",\"inLanguage\":\"sq-AL\",\"@id\":\"https:\/\/wedo.outcondev.com\/#\/schema\/logo\/image\/\",\"url\":\"https:\/\/wedo.outcondev.com\/wp-content\/uploads\/2023\/03\/logo-horizontal.svg\",\"contentUrl\":\"https:\/\/wedo.outcondev.com\/wp-content\/uploads\/2023\/03\/logo-horizontal.svg\",\"width\":1,\"height\":1,\"caption\":\"Wedo\"},\"image\":{\"@id\":\"https:\/\/wedo.outcondev.com\/#\/schema\/logo\/image\/\"},\"sameAs\":[\"https:\/\/www.facebook.com\/wedosupplements\",\"https:\/\/www.instagram.com\/wedocaresupplements\/\"]}]}<\/script>\n<!-- \/ Yoast SEO plugin. -->","yoast_head_json":{"title":"Stadyxin - Wedo","robots":{"index":"noindex","follow":"follow","max-snippet":"max-snippet:-1","max-image-preview":"max-image-preview:large","max-video-preview":"max-video-preview:-1"},"og_locale":"sq_AL","og_type":"article","og_title":"Stadyxin - Wedo","og_description":"Stadyxin p\u00ebrmir\u00ebson qarkullimin e gjakut n\u00eb gjymtyr\u00eb n\u00eb duar dhe k\u00ebmb\u00eb t\u00eb ftohta dhe redukton lodhjen mendore duke p\u00ebrmir\u00ebsuar qarkullimin cerebral.\u00a0 Marrja e rregullt e Stadyxin balancon sistemin nervor dhe rrit rezistenc\u00ebn e trupit ndaj stresit dhe lodhjes. Formula e tij komplekse kombinon p\u00ebrb\u00ebr\u00ebs p\u00ebr furnizim optimal t\u00eb gjakut.[1, 3]\u00a0 Ginkgo Biloba stimulon qarkullimin e [&hellip;]","og_url":"https:\/\/wedo.outcondev.com\/sq\/te-gjitha\/per-zemren-dhe-qarkullimin-te-gjakut\/stadyxin\/","og_site_name":"Wedo","article_publisher":"https:\/\/www.facebook.com\/wedosupplements","article_modified_time":"2023-12-18T15:10:45+00:00","og_image":[{"width":1800,"height":1200,"url":"https:\/\/wedo.outcondev.com\/wp-content\/uploads\/2023\/01\/Stadixyn-1.png","type":"image\/png"}],"twitter_card":"summary_large_image","twitter_misc":{"Est. reading time":"1 minute"},"schema":{"@context":"https:\/\/schema.org","@graph":[{"@type":"WebPage","@id":"https:\/\/wedo.outcondev.com\/sq\/te-gjitha\/per-zemren-dhe-qarkullimin-te-gjakut\/stadyxin\/","url":"https:\/\/wedo.outcondev.com\/sq\/te-gjitha\/per-zemren-dhe-qarkullimin-te-gjakut\/stadyxin\/","name":"Stadyxin - Wedo","isPartOf":{"@id":"https:\/\/wedo.outcondev.com\/#website"},"primaryImageOfPage":{"@id":"https:\/\/wedo.outcondev.com\/sq\/te-gjitha\/per-zemren-dhe-qarkullimin-te-gjakut\/stadyxin\/#primaryimage"},"image":{"@id":"https:\/\/wedo.outcondev.com\/sq\/te-gjitha\/per-zemren-dhe-qarkullimin-te-gjakut\/stadyxin\/#primaryimage"},"thumbnailUrl":"https:\/\/wedo.outcondev.com\/wp-content\/uploads\/2023\/01\/Stadixyn-1.png","datePublished":"2023-01-24T08:54:30+00:00","dateModified":"2023-12-18T15:10:45+00:00","breadcrumb":{"@id":"https:\/\/wedo.outcondev.com\/sq\/te-gjitha\/per-zemren-dhe-qarkullimin-te-gjakut\/stadyxin\/#breadcrumb"},"inLanguage":"sq-AL","potentialAction":[{"@type":"ReadAction","target":["https:\/\/wedo.outcondev.com\/sq\/te-gjitha\/per-zemren-dhe-qarkullimin-te-gjakut\/stadyxin\/"]}]},{"@type":"ImageObject","inLanguage":"sq-AL","@id":"https:\/\/wedo.outcondev.com\/sq\/te-gjitha\/per-zemren-dhe-qarkullimin-te-gjakut\/stadyxin\/#primaryimage","url":"https:\/\/wedo.outcondev.com\/wp-content\/uploads\/2023\/01\/Stadixyn-1.png","contentUrl":"https:\/\/wedo.outcondev.com\/wp-content\/uploads\/2023\/01\/Stadixyn-1.png","width":1800,"height":1200},{"@type":"BreadcrumbList","@id":"https:\/\/wedo.outcondev.com\/sq\/te-gjitha\/per-zemren-dhe-qarkullimin-te-gjakut\/stadyxin\/#breadcrumb","itemListElement":[{"@type":"ListItem","position":1,"name":"Home","item":"https:\/\/wedo.outcondev.com\/sq\/"},{"@type":"ListItem","position":2,"name":"Shop","item":"https:\/\/wedo.outcondev.com\/shop-2\/"},{"@type":"ListItem","position":3,"name":"Stadyxin"}]},{"@type":"WebSite","@id":"https:\/\/wedo.outcondev.com\/#website","url":"https:\/\/wedo.outcondev.com\/","name":"Wedo Care","description":"Wedo","publisher":{"@id":"https:\/\/wedo.outcondev.com\/#organization"},"potentialAction":[{"@type":"SearchAction","target":{"@type":"EntryPoint","urlTemplate":"https:\/\/wedo.outcondev.com\/?s={search_term_string}"},"query-input":{"@type":"PropertyValueSpecification","valueRequired":true,"valueName":"search_term_string"}}],"inLanguage":"sq-AL"},{"@type":"Organization","@id":"https:\/\/wedo.outcondev.com\/#organization","name":"Wedo","url":"https:\/\/wedo.outcondev.com\/","logo":{"@type":"ImageObject","inLanguage":"sq-AL","@id":"https:\/\/wedo.outcondev.com\/#\/schema\/logo\/image\/","url":"https:\/\/wedo.outcondev.com\/wp-content\/uploads\/2023\/03\/logo-horizontal.svg","contentUrl":"https:\/\/wedo.outcondev.com\/wp-content\/uploads\/2023\/03\/logo-horizontal.svg","width":1,"height":1,"caption":"Wedo"},"image":{"@id":"https:\/\/wedo.outcondev.com\/#\/schema\/logo\/image\/"},"sameAs":["https:\/\/www.facebook.com\/wedosupplements","https:\/\/www.instagram.com\/wedocaresupplements\/"]}]}},"_links":{"self":[{"href":"https:\/\/wedo.outcondev.com\/sq\/wp-json\/wp\/v2\/product\/13217","targetHints":{"allow":["GET"]}}],"collection":[{"href":"https:\/\/wedo.outcondev.com\/sq\/wp-json\/wp\/v2\/product"}],"about":[{"href":"https:\/\/wedo.outcondev.com\/sq\/wp-json\/wp\/v2\/types\/product"}],"wp:featuredmedia":[{"embeddable":true,"href":"https:\/\/wedo.outcondev.com\/sq\/wp-json\/wp\/v2\/media\/13203"}],"wp:attachment":[{"href":"https:\/\/wedo.outcondev.com\/sq\/wp-json\/wp\/v2\/media?parent=13217"}],"wp:term":[{"taxonomy":"product_brand","embeddable":true,"href":"https:\/\/wedo.outcondev.com\/sq\/wp-json\/wp\/v2\/product_brand?post=13217"},{"taxonomy":"product_cat","embeddable":true,"href":"https:\/\/wedo.outcondev.com\/sq\/wp-json\/wp\/v2\/product_cat?post=13217"},{"taxonomy":"product_tag","embeddable":true,"href":"https:\/\/wedo.outcondev.com\/sq\/wp-json\/wp\/v2\/product_tag?post=13217"},{"taxonomy":"product_collection","embeddable":true,"href":"https:\/\/wedo.outcondev.com\/sq\/wp-json\/wp\/v2\/product_collection?post=13217"}],"curies":[{"name":"wp","href":"https:\/\/api.w.org\/{rel}","templated":true}]}}