{"id":13240,"date":"2023-01-24T12:17:07","date_gmt":"2023-01-24T10:17:07","guid":{"rendered":"https:\/\/wedo.outcondev.com\/?post_type=product&#038;p=13240"},"modified":"2024-01-05T13:26:27","modified_gmt":"2024-01-05T11:26:27","slug":"b-protekt","status":"publish","type":"product","link":"https:\/\/wedo.outcondev.com\/sq\/b-protekt\/","title":{"rendered":"B-protekt"},"content":{"rendered":"<p><span data-contrast=\"auto\"><strong>B-protekt<\/strong> \u00ebsht\u00eb nj\u00eb sinbiotik shum\u00eb efektiv (probiotik dhe prebiotik) q\u00eb p\u00ebrmban nj\u00eb kombinim unik t\u00eb 5 specieve t\u00eb baktereve probiotike dhe prebiotik\u00ebve inulin\u00eb dhe pektin\u00eb, t\u00eb cilat krijojn\u00eb nj\u00eb mjedis t\u00eb p\u00ebrshtatsh\u00ebm p\u00ebr zhvillimin e baktereve t\u00eb dobishme n\u00eb zorr\u00eb.<\/span><span data-ccp-props=\"{&quot;201341983&quot;:0,&quot;335559731&quot;:284,&quot;335559739&quot;:160,&quot;335559740&quot;:259}\">\u00a0<\/span><\/p>\n<p><span data-contrast=\"auto\"><strong>B-protekt<\/strong> gjithashtu p\u00ebrmban vitamina t\u00eb zgjedhura n\u00eb doza optimale q\u00eb kan\u00eb nj\u00eb efekt t\u00eb dobish\u00ebm n\u00eb imunitetin e zorr\u00ebve.<\/span><span data-ccp-props=\"{&quot;201341983&quot;:0,&quot;335559731&quot;:284,&quot;335559739&quot;:160,&quot;335559740&quot;:259}\">\u00a0<\/span><\/p>\n<p><span data-contrast=\"auto\">Secili lloj probiotiku ka nj\u00eb mekaniz\u00ebm unik veprimi n\u00eb nj\u00eb pjes\u00eb specifike t\u00eb traktit gastrointestinal. Kjo e b\u00ebn B-protekt nj\u00eb produkt kombinimi t\u00eb shk\u00eblqyesh\u00ebm p\u00ebr nj\u00eb s\u00ebr\u00eb s\u00ebmundjesh t\u00eb zorr\u00ebve gjat\u00eb dhe pas marrjes s\u00eb antibiotik\u00ebve, n\u00eb rast t\u00eb diarres\u00eb ose kapsll\u00ebkut, ndryshimit t\u00eb diet\u00ebs, udh\u00ebtimeve dhe stresit. Rregullimi i proceseve n\u00eb traktin gastrointestinal kontribuon n\u00eb imunitet m\u00eb t\u00eb fort\u00eb dhe sh\u00ebndet t\u00eb p\u00ebrgjithsh\u00ebm m\u00eb t\u00eb mir\u00eb.<\/span><span data-ccp-props=\"{&quot;201341983&quot;:0,&quot;335559731&quot;:284,&quot;335559739&quot;:160,&quot;335559740&quot;:259}\">\u00a0<\/span><\/p>\n<p><b><span data-contrast=\"auto\"> L. Bulgaricus<\/span><\/b><span data-contrast=\"auto\"> rikthen imunitetin e zorr\u00ebve dhe forcon mukoz\u00ebn e zorr\u00ebve.<\/span><span data-contrast=\"auto\">[2]<\/span><\/p>\n<p><b><span data-contrast=\"auto\">L. Rhamnosus<\/span><\/b><span data-contrast=\"auto\"> zvog\u00eblon bashk\u00eblidhjen e baktereve patogjene.<\/span><span data-contrast=\"auto\">[3]<\/span><\/p>\n<p><b><span data-contrast=\"auto\">L. Acidophilus<\/span><\/b><span data-contrast=\"auto\"> ruan nj\u00eb mjedis acid dhe t\u00eb sh\u00ebndetsh\u00ebm n\u00eb zorr\u00eb.<\/span><span data-contrast=\"auto\">[4]<\/span><\/p>\n<p><b><span data-contrast=\"auto\">B. longum<\/span><\/b><span data-contrast=\"auto\"> p\u00ebrmir\u00ebson tretjen dhe favorizon sintez\u00ebn e vitaminave dhe element\u00ebve gjurmues.<\/span><span data-contrast=\"auto\">[4]<\/span><\/p>\n<p><b><span data-contrast=\"auto\">S. thermophilus<\/span><\/b><span data-contrast=\"auto\"> leht\u00ebson p\u00ebrpunimin e produkteve t\u00eb qum\u00ebshtit dhe ka nj\u00eb efekt baktericid.<\/span><span data-contrast=\"auto\">[5]<\/span><\/p>\n<p><b><span data-contrast=\"auto\">Vitaminat A, B6, C dhe D3 <\/span><\/b><span data-contrast=\"auto\">rrisin imunitetin dhe rigjenerojn\u00eb trupin.<\/span><span data-ccp-props=\"{&quot;201341983&quot;:0,&quot;335559731&quot;:284,&quot;335559739&quot;:0,&quot;335559740&quot;:240}\">\u00a0<\/span><\/p>\n<p><b><span data-contrast=\"none\">Pektina e Qitros dhe Inulina e \u00c7ikores <\/span><\/b><span data-contrast=\"none\">stimulojn\u00eb rritjen dhe forcojn\u00eb bakteret e dobishme q\u00eb jan\u00eb ekzistuese n\u00eb traktin gastrointestinal<\/span><span data-contrast=\"auto\">.<\/span><span data-contrast=\"none\"> [6]<\/span><span data-ccp-props=\"{&quot;201341983&quot;:0,&quot;335559731&quot;:284,&quot;335559739&quot;:160,&quot;335559740&quot;:259}\">\u00a0<\/span><\/p>\n","protected":false},"excerpt":{"rendered":"<p>B-protekt \u00ebsht\u00eb nj\u00eb sinbiotik shum\u00eb efektiv (probiotik dhe prebiotik) q\u00eb p\u00ebrmban nj\u00eb kombinim unik t\u00eb 5 specieve t\u00eb baktereve probiotike dhe prebiotik\u00ebve inulin\u00eb dhe pektin\u00eb, t\u00eb cilat krijojn\u00eb nj\u00eb mjedis t\u00eb p\u00ebrshtatsh\u00ebm p\u00ebr zhvillimin e baktereve t\u00eb dobishme n\u00eb zorr\u00eb.\u00a0 B-protekt gjithashtu p\u00ebrmban vitamina t\u00eb zgjedhura n\u00eb doza optimale q\u00eb kan\u00eb nj\u00eb efekt t\u00eb dobish\u00ebm [&hellip;]<\/p>\n","protected":false},"featured_media":13226,"template":"","meta":{"_acf_changed":false},"product_brand":[],"product_cat":[191,131],"product_tag":[271],"product_collection":[49],"class_list":{"0":"post-13240","1":"product","2":"type-product","3":"status-publish","4":"has-post-thumbnail","6":"product_cat-per-sistemin-tretes","7":"product_cat-te-gjitha","8":"product_tag-b-protekt-sq","9":"product_collection-b-protekt","11":"first","12":"instock","13":"taxable","14":"shipping-taxable","15":"purchasable","16":"product-type-simple"},"acf":[],"yoast_head":"<!-- This site is optimized with the Yoast SEO plugin v23.9 - https:\/\/yoast.com\/wordpress\/plugins\/seo\/ -->\n<title>B-protekt - Wedo<\/title>\n<meta name=\"robots\" content=\"noindex, follow, max-snippet:-1, max-image-preview:large, max-video-preview:-1\" \/>\n<meta property=\"og:locale\" content=\"sq_AL\" \/>\n<meta property=\"og:type\" content=\"article\" \/>\n<meta property=\"og:title\" content=\"B-protekt - Wedo\" \/>\n<meta property=\"og:description\" content=\"B-protekt \u00ebsht\u00eb nj\u00eb sinbiotik shum\u00eb efektiv (probiotik dhe prebiotik) q\u00eb p\u00ebrmban nj\u00eb kombinim unik t\u00eb 5 specieve t\u00eb baktereve probiotike dhe prebiotik\u00ebve inulin\u00eb dhe pektin\u00eb, t\u00eb cilat krijojn\u00eb nj\u00eb mjedis t\u00eb p\u00ebrshtatsh\u00ebm p\u00ebr zhvillimin e baktereve t\u00eb dobishme n\u00eb zorr\u00eb.\u00a0 B-protekt gjithashtu p\u00ebrmban vitamina t\u00eb zgjedhura n\u00eb doza optimale q\u00eb kan\u00eb nj\u00eb efekt t\u00eb dobish\u00ebm [&hellip;]\" \/>\n<meta property=\"og:url\" content=\"https:\/\/wedo.outcondev.com\/sq\/te-gjitha\/per-sistemin-tretes\/b-protekt\/\" \/>\n<meta property=\"og:site_name\" content=\"Wedo\" \/>\n<meta property=\"article:publisher\" content=\"https:\/\/www.facebook.com\/wedosupplements\" \/>\n<meta property=\"article:modified_time\" content=\"2024-01-05T11:26:27+00:00\" \/>\n<meta property=\"og:image\" content=\"https:\/\/wedo.outcondev.com\/wp-content\/uploads\/2023\/01\/b-protekt-en-1.png\" \/>\n\t<meta property=\"og:image:width\" content=\"1440\" \/>\n\t<meta property=\"og:image:height\" content=\"1800\" \/>\n\t<meta property=\"og:image:type\" content=\"image\/png\" \/>\n<meta name=\"twitter:card\" content=\"summary_large_image\" \/>\n<meta name=\"twitter:label1\" content=\"Est. reading time\" \/>\n\t<meta name=\"twitter:data1\" content=\"1 minute\" \/>\n<script type=\"application\/ld+json\" class=\"yoast-schema-graph\">{\"@context\":\"https:\/\/schema.org\",\"@graph\":[{\"@type\":\"WebPage\",\"@id\":\"https:\/\/wedo.outcondev.com\/sq\/te-gjitha\/per-sistemin-tretes\/b-protekt\/\",\"url\":\"https:\/\/wedo.outcondev.com\/sq\/te-gjitha\/per-sistemin-tretes\/b-protekt\/\",\"name\":\"B-protekt - Wedo\",\"isPartOf\":{\"@id\":\"https:\/\/wedo.outcondev.com\/#website\"},\"primaryImageOfPage\":{\"@id\":\"https:\/\/wedo.outcondev.com\/sq\/te-gjitha\/per-sistemin-tretes\/b-protekt\/#primaryimage\"},\"image\":{\"@id\":\"https:\/\/wedo.outcondev.com\/sq\/te-gjitha\/per-sistemin-tretes\/b-protekt\/#primaryimage\"},\"thumbnailUrl\":\"https:\/\/wedo.outcondev.com\/wp-content\/uploads\/2023\/01\/b-protekt-en-1.png\",\"datePublished\":\"2023-01-24T10:17:07+00:00\",\"dateModified\":\"2024-01-05T11:26:27+00:00\",\"breadcrumb\":{\"@id\":\"https:\/\/wedo.outcondev.com\/sq\/te-gjitha\/per-sistemin-tretes\/b-protekt\/#breadcrumb\"},\"inLanguage\":\"sq-AL\",\"potentialAction\":[{\"@type\":\"ReadAction\",\"target\":[\"https:\/\/wedo.outcondev.com\/sq\/te-gjitha\/per-sistemin-tretes\/b-protekt\/\"]}]},{\"@type\":\"ImageObject\",\"inLanguage\":\"sq-AL\",\"@id\":\"https:\/\/wedo.outcondev.com\/sq\/te-gjitha\/per-sistemin-tretes\/b-protekt\/#primaryimage\",\"url\":\"https:\/\/wedo.outcondev.com\/wp-content\/uploads\/2023\/01\/b-protekt-en-1.png\",\"contentUrl\":\"https:\/\/wedo.outcondev.com\/wp-content\/uploads\/2023\/01\/b-protekt-en-1.png\",\"width\":1440,\"height\":1800},{\"@type\":\"BreadcrumbList\",\"@id\":\"https:\/\/wedo.outcondev.com\/sq\/te-gjitha\/per-sistemin-tretes\/b-protekt\/#breadcrumb\",\"itemListElement\":[{\"@type\":\"ListItem\",\"position\":1,\"name\":\"Home\",\"item\":\"https:\/\/wedo.outcondev.com\/sq\/\"},{\"@type\":\"ListItem\",\"position\":2,\"name\":\"Shop\",\"item\":\"https:\/\/wedo.outcondev.com\/shop-2\/\"},{\"@type\":\"ListItem\",\"position\":3,\"name\":\"B-protekt\"}]},{\"@type\":\"WebSite\",\"@id\":\"https:\/\/wedo.outcondev.com\/#website\",\"url\":\"https:\/\/wedo.outcondev.com\/\",\"name\":\"Wedo Care\",\"description\":\"Wedo\",\"publisher\":{\"@id\":\"https:\/\/wedo.outcondev.com\/#organization\"},\"potentialAction\":[{\"@type\":\"SearchAction\",\"target\":{\"@type\":\"EntryPoint\",\"urlTemplate\":\"https:\/\/wedo.outcondev.com\/?s={search_term_string}\"},\"query-input\":{\"@type\":\"PropertyValueSpecification\",\"valueRequired\":true,\"valueName\":\"search_term_string\"}}],\"inLanguage\":\"sq-AL\"},{\"@type\":\"Organization\",\"@id\":\"https:\/\/wedo.outcondev.com\/#organization\",\"name\":\"Wedo\",\"url\":\"https:\/\/wedo.outcondev.com\/\",\"logo\":{\"@type\":\"ImageObject\",\"inLanguage\":\"sq-AL\",\"@id\":\"https:\/\/wedo.outcondev.com\/#\/schema\/logo\/image\/\",\"url\":\"https:\/\/wedo.outcondev.com\/wp-content\/uploads\/2023\/03\/logo-horizontal.svg\",\"contentUrl\":\"https:\/\/wedo.outcondev.com\/wp-content\/uploads\/2023\/03\/logo-horizontal.svg\",\"width\":1,\"height\":1,\"caption\":\"Wedo\"},\"image\":{\"@id\":\"https:\/\/wedo.outcondev.com\/#\/schema\/logo\/image\/\"},\"sameAs\":[\"https:\/\/www.facebook.com\/wedosupplements\",\"https:\/\/www.instagram.com\/wedocaresupplements\/\"]}]}<\/script>\n<!-- \/ Yoast SEO plugin. -->","yoast_head_json":{"title":"B-protekt - Wedo","robots":{"index":"noindex","follow":"follow","max-snippet":"max-snippet:-1","max-image-preview":"max-image-preview:large","max-video-preview":"max-video-preview:-1"},"og_locale":"sq_AL","og_type":"article","og_title":"B-protekt - Wedo","og_description":"B-protekt \u00ebsht\u00eb nj\u00eb sinbiotik shum\u00eb efektiv (probiotik dhe prebiotik) q\u00eb p\u00ebrmban nj\u00eb kombinim unik t\u00eb 5 specieve t\u00eb baktereve probiotike dhe prebiotik\u00ebve inulin\u00eb dhe pektin\u00eb, t\u00eb cilat krijojn\u00eb nj\u00eb mjedis t\u00eb p\u00ebrshtatsh\u00ebm p\u00ebr zhvillimin e baktereve t\u00eb dobishme n\u00eb zorr\u00eb.\u00a0 B-protekt gjithashtu p\u00ebrmban vitamina t\u00eb zgjedhura n\u00eb doza optimale q\u00eb kan\u00eb nj\u00eb efekt t\u00eb dobish\u00ebm [&hellip;]","og_url":"https:\/\/wedo.outcondev.com\/sq\/te-gjitha\/per-sistemin-tretes\/b-protekt\/","og_site_name":"Wedo","article_publisher":"https:\/\/www.facebook.com\/wedosupplements","article_modified_time":"2024-01-05T11:26:27+00:00","og_image":[{"width":1440,"height":1800,"url":"https:\/\/wedo.outcondev.com\/wp-content\/uploads\/2023\/01\/b-protekt-en-1.png","type":"image\/png"}],"twitter_card":"summary_large_image","twitter_misc":{"Est. reading time":"1 minute"},"schema":{"@context":"https:\/\/schema.org","@graph":[{"@type":"WebPage","@id":"https:\/\/wedo.outcondev.com\/sq\/te-gjitha\/per-sistemin-tretes\/b-protekt\/","url":"https:\/\/wedo.outcondev.com\/sq\/te-gjitha\/per-sistemin-tretes\/b-protekt\/","name":"B-protekt - Wedo","isPartOf":{"@id":"https:\/\/wedo.outcondev.com\/#website"},"primaryImageOfPage":{"@id":"https:\/\/wedo.outcondev.com\/sq\/te-gjitha\/per-sistemin-tretes\/b-protekt\/#primaryimage"},"image":{"@id":"https:\/\/wedo.outcondev.com\/sq\/te-gjitha\/per-sistemin-tretes\/b-protekt\/#primaryimage"},"thumbnailUrl":"https:\/\/wedo.outcondev.com\/wp-content\/uploads\/2023\/01\/b-protekt-en-1.png","datePublished":"2023-01-24T10:17:07+00:00","dateModified":"2024-01-05T11:26:27+00:00","breadcrumb":{"@id":"https:\/\/wedo.outcondev.com\/sq\/te-gjitha\/per-sistemin-tretes\/b-protekt\/#breadcrumb"},"inLanguage":"sq-AL","potentialAction":[{"@type":"ReadAction","target":["https:\/\/wedo.outcondev.com\/sq\/te-gjitha\/per-sistemin-tretes\/b-protekt\/"]}]},{"@type":"ImageObject","inLanguage":"sq-AL","@id":"https:\/\/wedo.outcondev.com\/sq\/te-gjitha\/per-sistemin-tretes\/b-protekt\/#primaryimage","url":"https:\/\/wedo.outcondev.com\/wp-content\/uploads\/2023\/01\/b-protekt-en-1.png","contentUrl":"https:\/\/wedo.outcondev.com\/wp-content\/uploads\/2023\/01\/b-protekt-en-1.png","width":1440,"height":1800},{"@type":"BreadcrumbList","@id":"https:\/\/wedo.outcondev.com\/sq\/te-gjitha\/per-sistemin-tretes\/b-protekt\/#breadcrumb","itemListElement":[{"@type":"ListItem","position":1,"name":"Home","item":"https:\/\/wedo.outcondev.com\/sq\/"},{"@type":"ListItem","position":2,"name":"Shop","item":"https:\/\/wedo.outcondev.com\/shop-2\/"},{"@type":"ListItem","position":3,"name":"B-protekt"}]},{"@type":"WebSite","@id":"https:\/\/wedo.outcondev.com\/#website","url":"https:\/\/wedo.outcondev.com\/","name":"Wedo Care","description":"Wedo","publisher":{"@id":"https:\/\/wedo.outcondev.com\/#organization"},"potentialAction":[{"@type":"SearchAction","target":{"@type":"EntryPoint","urlTemplate":"https:\/\/wedo.outcondev.com\/?s={search_term_string}"},"query-input":{"@type":"PropertyValueSpecification","valueRequired":true,"valueName":"search_term_string"}}],"inLanguage":"sq-AL"},{"@type":"Organization","@id":"https:\/\/wedo.outcondev.com\/#organization","name":"Wedo","url":"https:\/\/wedo.outcondev.com\/","logo":{"@type":"ImageObject","inLanguage":"sq-AL","@id":"https:\/\/wedo.outcondev.com\/#\/schema\/logo\/image\/","url":"https:\/\/wedo.outcondev.com\/wp-content\/uploads\/2023\/03\/logo-horizontal.svg","contentUrl":"https:\/\/wedo.outcondev.com\/wp-content\/uploads\/2023\/03\/logo-horizontal.svg","width":1,"height":1,"caption":"Wedo"},"image":{"@id":"https:\/\/wedo.outcondev.com\/#\/schema\/logo\/image\/"},"sameAs":["https:\/\/www.facebook.com\/wedosupplements","https:\/\/www.instagram.com\/wedocaresupplements\/"]}]}},"_links":{"self":[{"href":"https:\/\/wedo.outcondev.com\/sq\/wp-json\/wp\/v2\/product\/13240","targetHints":{"allow":["GET"]}}],"collection":[{"href":"https:\/\/wedo.outcondev.com\/sq\/wp-json\/wp\/v2\/product"}],"about":[{"href":"https:\/\/wedo.outcondev.com\/sq\/wp-json\/wp\/v2\/types\/product"}],"wp:featuredmedia":[{"embeddable":true,"href":"https:\/\/wedo.outcondev.com\/sq\/wp-json\/wp\/v2\/media\/13226"}],"wp:attachment":[{"href":"https:\/\/wedo.outcondev.com\/sq\/wp-json\/wp\/v2\/media?parent=13240"}],"wp:term":[{"taxonomy":"product_brand","embeddable":true,"href":"https:\/\/wedo.outcondev.com\/sq\/wp-json\/wp\/v2\/product_brand?post=13240"},{"taxonomy":"product_cat","embeddable":true,"href":"https:\/\/wedo.outcondev.com\/sq\/wp-json\/wp\/v2\/product_cat?post=13240"},{"taxonomy":"product_tag","embeddable":true,"href":"https:\/\/wedo.outcondev.com\/sq\/wp-json\/wp\/v2\/product_tag?post=13240"},{"taxonomy":"product_collection","embeddable":true,"href":"https:\/\/wedo.outcondev.com\/sq\/wp-json\/wp\/v2\/product_collection?post=13240"}],"curies":[{"name":"wp","href":"https:\/\/api.w.org\/{rel}","templated":true}]}}