{"id":13263,"date":"2023-01-24T12:19:44","date_gmt":"2023-01-24T10:19:44","guid":{"rendered":"https:\/\/wedo.outcondev.com\/?post_type=product&#038;p=13263"},"modified":"2024-01-05T13:45:20","modified_gmt":"2024-01-05T11:45:20","slug":"stamatin","status":"publish","type":"product","link":"https:\/\/wedo.outcondev.com\/sq\/stamatin\/","title":{"rendered":"Stamatin"},"content":{"rendered":"<p><span data-contrast=\"auto\"><strong>Stamatin<\/strong> \u00ebsht\u00eb nj\u00eb produkt q\u00eb ndihmon trupin t\u00eb luftoj\u00eb infeksionet virale. P\u00ebr m\u00eb tep\u00ebr forcon\u00a0 imunitetin dhe n\u00eb k\u00ebt\u00eb m\u00ebnyr\u00eb parandalon zhvillimin e infeksioneve.\u00a0<\/span><span data-ccp-props=\"{&quot;201341983&quot;:0,&quot;335559731&quot;:284,&quot;335559739&quot;:0,&quot;335559740&quot;:240}\">\u00a0<\/span><\/p>\n<p><span data-contrast=\"auto\">Formula t\u00ebr\u00ebsisht natyrale e <strong>Stamatin<\/strong> \u00ebsht\u00eb ve\u00e7an\u00ebrisht e p\u00ebrshtatshme p\u00ebr forcimin e sistemit imunitar gjat\u00eb stin\u00ebve vjesht\u00eb-dim\u00ebr. <strong>Stamatin<\/strong> mund t\u00eb merret si n\u00eb fazat akute t\u00eb infeksionit ashtu edhe p\u00ebr profilaksin\u00eb.<\/span><span data-contrast=\"auto\">[6]<\/span><span data-ccp-props=\"{&quot;201341983&quot;:0,&quot;335559731&quot;:284,&quot;335559739&quot;:0,&quot;335559740&quot;:240}\">\u00a0<\/span><\/p>\n<p><b><span data-contrast=\"auto\">Radix Isatidis <\/span><\/b><span data-contrast=\"auto\">\u00ebsht\u00eb rr\u00ebnja e barit kinez Isatis Tinctorial, e njohur n\u00eb mjek\u00ebsin\u00eb tradicionale kineze p\u00ebr veprimin e saj t\u00eb fort\u00eb antiviral<\/span><b><span data-contrast=\"auto\">.<\/span><\/b><span data-contrast=\"auto\">[<\/span><b><span data-contrast=\"auto\">1,2]<\/span><\/b><span data-contrast=\"auto\"> Ai bllokon ngjitjen e viruseve dhe kontribuon n\u00eb pastrimin e trupit dhe sh\u00ebrimin e shpejt\u00eb.<\/span><span data-ccp-props=\"{&quot;201341983&quot;:0,&quot;335559685&quot;:284,&quot;335559739&quot;:0,&quot;335559740&quot;:240}\">\u00a0<\/span><\/p>\n<p><b><span data-contrast=\"auto\">Geraniumi afrikan <\/span><\/b><i><span data-contrast=\"auto\">(Pelargonium sidoides)<\/span><\/i><span data-contrast=\"auto\"> \u00ebsht\u00eb nj\u00eb bar me efekt t\u00eb theksuar n\u00eb bronkit, sinusit, ftohje dhe s\u00ebmundje t\u00eb tjera respiratore.<\/span><span data-contrast=\"auto\">[3, 4]<\/span><span data-contrast=\"auto\"> Ndihmon n\u00eb luftimin e infeksioneve bakteriale dhe leht\u00ebson ekspektorimin.<\/span><span data-ccp-props=\"{&quot;201341983&quot;:0,&quot;335559685&quot;:284,&quot;335559739&quot;:0,&quot;335559740&quot;:240}\">\u00a0<\/span><\/p>\n<p><b><span data-contrast=\"auto\">Zinku dhe vitamina C <\/span><\/b><span data-contrast=\"auto\">rrit imunitetin si dhe kan\u00eb nj\u00eb efekt antioksidant, rrisin mbrojtjen e trupit dhe p\u00ebrshpejtojn\u00eb rikuperimin.<\/span><span data-contrast=\"auto\">[5]<\/span><span data-ccp-props=\"{&quot;201341983&quot;:0,&quot;335559685&quot;:284,&quot;335559739&quot;:0,&quot;335559740&quot;:240}\">\u00a0<\/span><\/p>\n","protected":false},"excerpt":{"rendered":"<p>Stamatin \u00ebsht\u00eb nj\u00eb produkt q\u00eb ndihmon trupin t\u00eb luftoj\u00eb infeksionet virale. P\u00ebr m\u00eb tep\u00ebr forcon\u00a0 imunitetin dhe n\u00eb k\u00ebt\u00eb m\u00ebnyr\u00eb parandalon zhvillimin e infeksioneve.\u00a0\u00a0 Formula t\u00ebr\u00ebsisht natyrale e Stamatin \u00ebsht\u00eb ve\u00e7an\u00ebrisht e p\u00ebrshtatshme p\u00ebr forcimin e sistemit imunitar gjat\u00eb stin\u00ebve vjesht\u00eb-dim\u00ebr. Stamatin mund t\u00eb merret si n\u00eb fazat akute t\u00eb infeksionit ashtu edhe p\u00ebr profilaksin\u00eb.[6]\u00a0 [&hellip;]<\/p>\n","protected":false},"featured_media":13930,"template":"","meta":{"_acf_changed":false},"product_brand":[],"product_cat":[194,131],"product_tag":[275],"product_collection":[57],"class_list":{"0":"post-13263","1":"product","2":"type-product","3":"status-publish","4":"has-post-thumbnail","6":"product_cat-per-mbrojtje-dhe-imunitet","7":"product_cat-te-gjitha","8":"product_tag-stamatin-sq","9":"product_collection-stamatin","11":"first","12":"instock","13":"taxable","14":"shipping-taxable","15":"purchasable","16":"product-type-simple"},"acf":[],"yoast_head":"<!-- This site is optimized with the Yoast SEO plugin v23.9 - https:\/\/yoast.com\/wordpress\/plugins\/seo\/ -->\n<title>Stamatin - Wedo<\/title>\n<meta name=\"robots\" content=\"noindex, follow, max-snippet:-1, max-image-preview:large, max-video-preview:-1\" \/>\n<meta property=\"og:locale\" content=\"sq_AL\" \/>\n<meta property=\"og:type\" content=\"article\" \/>\n<meta property=\"og:title\" content=\"Stamatin - Wedo\" \/>\n<meta property=\"og:description\" content=\"Stamatin \u00ebsht\u00eb nj\u00eb produkt q\u00eb ndihmon trupin t\u00eb luftoj\u00eb infeksionet virale. P\u00ebr m\u00eb tep\u00ebr forcon\u00a0 imunitetin dhe n\u00eb k\u00ebt\u00eb m\u00ebnyr\u00eb parandalon zhvillimin e infeksioneve.\u00a0\u00a0 Formula t\u00ebr\u00ebsisht natyrale e Stamatin \u00ebsht\u00eb ve\u00e7an\u00ebrisht e p\u00ebrshtatshme p\u00ebr forcimin e sistemit imunitar gjat\u00eb stin\u00ebve vjesht\u00eb-dim\u00ebr. Stamatin mund t\u00eb merret si n\u00eb fazat akute t\u00eb infeksionit ashtu edhe p\u00ebr profilaksin\u00eb.[6]\u00a0 [&hellip;]\" \/>\n<meta property=\"og:url\" content=\"https:\/\/wedo.outcondev.com\/sq\/te-gjitha\/per-mbrojtje-dhe-imunitet\/stamatin\/\" \/>\n<meta property=\"og:site_name\" content=\"Wedo\" \/>\n<meta property=\"article:publisher\" content=\"https:\/\/www.facebook.com\/wedosupplements\" \/>\n<meta property=\"article:modified_time\" content=\"2024-01-05T11:45:20+00:00\" \/>\n<meta property=\"og:image\" content=\"https:\/\/wedo.outcondev.com\/wp-content\/uploads\/2023\/01\/Stamatin-EN-1.png\" \/>\n\t<meta property=\"og:image:width\" content=\"1200\" \/>\n\t<meta property=\"og:image:height\" content=\"1800\" \/>\n\t<meta property=\"og:image:type\" content=\"image\/png\" \/>\n<meta name=\"twitter:card\" content=\"summary_large_image\" \/>\n<meta name=\"twitter:label1\" content=\"Est. reading time\" \/>\n\t<meta name=\"twitter:data1\" content=\"1 minute\" \/>\n<script type=\"application\/ld+json\" class=\"yoast-schema-graph\">{\"@context\":\"https:\/\/schema.org\",\"@graph\":[{\"@type\":\"WebPage\",\"@id\":\"https:\/\/wedo.outcondev.com\/sq\/te-gjitha\/per-mbrojtje-dhe-imunitet\/stamatin\/\",\"url\":\"https:\/\/wedo.outcondev.com\/sq\/te-gjitha\/per-mbrojtje-dhe-imunitet\/stamatin\/\",\"name\":\"Stamatin - Wedo\",\"isPartOf\":{\"@id\":\"https:\/\/wedo.outcondev.com\/#website\"},\"primaryImageOfPage\":{\"@id\":\"https:\/\/wedo.outcondev.com\/sq\/te-gjitha\/per-mbrojtje-dhe-imunitet\/stamatin\/#primaryimage\"},\"image\":{\"@id\":\"https:\/\/wedo.outcondev.com\/sq\/te-gjitha\/per-mbrojtje-dhe-imunitet\/stamatin\/#primaryimage\"},\"thumbnailUrl\":\"https:\/\/wedo.outcondev.com\/wp-content\/uploads\/2024\/01\/stamatin-AL-1-front-1.png\",\"datePublished\":\"2023-01-24T10:19:44+00:00\",\"dateModified\":\"2024-01-05T11:45:20+00:00\",\"breadcrumb\":{\"@id\":\"https:\/\/wedo.outcondev.com\/sq\/te-gjitha\/per-mbrojtje-dhe-imunitet\/stamatin\/#breadcrumb\"},\"inLanguage\":\"sq-AL\",\"potentialAction\":[{\"@type\":\"ReadAction\",\"target\":[\"https:\/\/wedo.outcondev.com\/sq\/te-gjitha\/per-mbrojtje-dhe-imunitet\/stamatin\/\"]}]},{\"@type\":\"ImageObject\",\"inLanguage\":\"sq-AL\",\"@id\":\"https:\/\/wedo.outcondev.com\/sq\/te-gjitha\/per-mbrojtje-dhe-imunitet\/stamatin\/#primaryimage\",\"url\":\"https:\/\/wedo.outcondev.com\/wp-content\/uploads\/2024\/01\/stamatin-AL-1-front-1.png\",\"contentUrl\":\"https:\/\/wedo.outcondev.com\/wp-content\/uploads\/2024\/01\/stamatin-AL-1-front-1.png\",\"width\":361,\"height\":551},{\"@type\":\"BreadcrumbList\",\"@id\":\"https:\/\/wedo.outcondev.com\/sq\/te-gjitha\/per-mbrojtje-dhe-imunitet\/stamatin\/#breadcrumb\",\"itemListElement\":[{\"@type\":\"ListItem\",\"position\":1,\"name\":\"Home\",\"item\":\"https:\/\/wedo.outcondev.com\/sq\/\"},{\"@type\":\"ListItem\",\"position\":2,\"name\":\"Shop\",\"item\":\"https:\/\/wedo.outcondev.com\/shop-2\/\"},{\"@type\":\"ListItem\",\"position\":3,\"name\":\"Stamatin\"}]},{\"@type\":\"WebSite\",\"@id\":\"https:\/\/wedo.outcondev.com\/#website\",\"url\":\"https:\/\/wedo.outcondev.com\/\",\"name\":\"Wedo Care\",\"description\":\"Wedo\",\"publisher\":{\"@id\":\"https:\/\/wedo.outcondev.com\/#organization\"},\"potentialAction\":[{\"@type\":\"SearchAction\",\"target\":{\"@type\":\"EntryPoint\",\"urlTemplate\":\"https:\/\/wedo.outcondev.com\/?s={search_term_string}\"},\"query-input\":{\"@type\":\"PropertyValueSpecification\",\"valueRequired\":true,\"valueName\":\"search_term_string\"}}],\"inLanguage\":\"sq-AL\"},{\"@type\":\"Organization\",\"@id\":\"https:\/\/wedo.outcondev.com\/#organization\",\"name\":\"Wedo\",\"url\":\"https:\/\/wedo.outcondev.com\/\",\"logo\":{\"@type\":\"ImageObject\",\"inLanguage\":\"sq-AL\",\"@id\":\"https:\/\/wedo.outcondev.com\/#\/schema\/logo\/image\/\",\"url\":\"https:\/\/wedo.outcondev.com\/wp-content\/uploads\/2023\/03\/logo-horizontal.svg\",\"contentUrl\":\"https:\/\/wedo.outcondev.com\/wp-content\/uploads\/2023\/03\/logo-horizontal.svg\",\"width\":1,\"height\":1,\"caption\":\"Wedo\"},\"image\":{\"@id\":\"https:\/\/wedo.outcondev.com\/#\/schema\/logo\/image\/\"},\"sameAs\":[\"https:\/\/www.facebook.com\/wedosupplements\",\"https:\/\/www.instagram.com\/wedocaresupplements\/\"]}]}<\/script>\n<!-- \/ Yoast SEO plugin. -->","yoast_head_json":{"title":"Stamatin - Wedo","robots":{"index":"noindex","follow":"follow","max-snippet":"max-snippet:-1","max-image-preview":"max-image-preview:large","max-video-preview":"max-video-preview:-1"},"og_locale":"sq_AL","og_type":"article","og_title":"Stamatin - Wedo","og_description":"Stamatin \u00ebsht\u00eb nj\u00eb produkt q\u00eb ndihmon trupin t\u00eb luftoj\u00eb infeksionet virale. P\u00ebr m\u00eb tep\u00ebr forcon\u00a0 imunitetin dhe n\u00eb k\u00ebt\u00eb m\u00ebnyr\u00eb parandalon zhvillimin e infeksioneve.\u00a0\u00a0 Formula t\u00ebr\u00ebsisht natyrale e Stamatin \u00ebsht\u00eb ve\u00e7an\u00ebrisht e p\u00ebrshtatshme p\u00ebr forcimin e sistemit imunitar gjat\u00eb stin\u00ebve vjesht\u00eb-dim\u00ebr. Stamatin mund t\u00eb merret si n\u00eb fazat akute t\u00eb infeksionit ashtu edhe p\u00ebr profilaksin\u00eb.[6]\u00a0 [&hellip;]","og_url":"https:\/\/wedo.outcondev.com\/sq\/te-gjitha\/per-mbrojtje-dhe-imunitet\/stamatin\/","og_site_name":"Wedo","article_publisher":"https:\/\/www.facebook.com\/wedosupplements","article_modified_time":"2024-01-05T11:45:20+00:00","og_image":[{"width":1200,"height":1800,"url":"https:\/\/wedo.outcondev.com\/wp-content\/uploads\/2023\/01\/Stamatin-EN-1.png","type":"image\/png"}],"twitter_card":"summary_large_image","twitter_misc":{"Est. reading time":"1 minute"},"schema":{"@context":"https:\/\/schema.org","@graph":[{"@type":"WebPage","@id":"https:\/\/wedo.outcondev.com\/sq\/te-gjitha\/per-mbrojtje-dhe-imunitet\/stamatin\/","url":"https:\/\/wedo.outcondev.com\/sq\/te-gjitha\/per-mbrojtje-dhe-imunitet\/stamatin\/","name":"Stamatin - Wedo","isPartOf":{"@id":"https:\/\/wedo.outcondev.com\/#website"},"primaryImageOfPage":{"@id":"https:\/\/wedo.outcondev.com\/sq\/te-gjitha\/per-mbrojtje-dhe-imunitet\/stamatin\/#primaryimage"},"image":{"@id":"https:\/\/wedo.outcondev.com\/sq\/te-gjitha\/per-mbrojtje-dhe-imunitet\/stamatin\/#primaryimage"},"thumbnailUrl":"https:\/\/wedo.outcondev.com\/wp-content\/uploads\/2024\/01\/stamatin-AL-1-front-1.png","datePublished":"2023-01-24T10:19:44+00:00","dateModified":"2024-01-05T11:45:20+00:00","breadcrumb":{"@id":"https:\/\/wedo.outcondev.com\/sq\/te-gjitha\/per-mbrojtje-dhe-imunitet\/stamatin\/#breadcrumb"},"inLanguage":"sq-AL","potentialAction":[{"@type":"ReadAction","target":["https:\/\/wedo.outcondev.com\/sq\/te-gjitha\/per-mbrojtje-dhe-imunitet\/stamatin\/"]}]},{"@type":"ImageObject","inLanguage":"sq-AL","@id":"https:\/\/wedo.outcondev.com\/sq\/te-gjitha\/per-mbrojtje-dhe-imunitet\/stamatin\/#primaryimage","url":"https:\/\/wedo.outcondev.com\/wp-content\/uploads\/2024\/01\/stamatin-AL-1-front-1.png","contentUrl":"https:\/\/wedo.outcondev.com\/wp-content\/uploads\/2024\/01\/stamatin-AL-1-front-1.png","width":361,"height":551},{"@type":"BreadcrumbList","@id":"https:\/\/wedo.outcondev.com\/sq\/te-gjitha\/per-mbrojtje-dhe-imunitet\/stamatin\/#breadcrumb","itemListElement":[{"@type":"ListItem","position":1,"name":"Home","item":"https:\/\/wedo.outcondev.com\/sq\/"},{"@type":"ListItem","position":2,"name":"Shop","item":"https:\/\/wedo.outcondev.com\/shop-2\/"},{"@type":"ListItem","position":3,"name":"Stamatin"}]},{"@type":"WebSite","@id":"https:\/\/wedo.outcondev.com\/#website","url":"https:\/\/wedo.outcondev.com\/","name":"Wedo Care","description":"Wedo","publisher":{"@id":"https:\/\/wedo.outcondev.com\/#organization"},"potentialAction":[{"@type":"SearchAction","target":{"@type":"EntryPoint","urlTemplate":"https:\/\/wedo.outcondev.com\/?s={search_term_string}"},"query-input":{"@type":"PropertyValueSpecification","valueRequired":true,"valueName":"search_term_string"}}],"inLanguage":"sq-AL"},{"@type":"Organization","@id":"https:\/\/wedo.outcondev.com\/#organization","name":"Wedo","url":"https:\/\/wedo.outcondev.com\/","logo":{"@type":"ImageObject","inLanguage":"sq-AL","@id":"https:\/\/wedo.outcondev.com\/#\/schema\/logo\/image\/","url":"https:\/\/wedo.outcondev.com\/wp-content\/uploads\/2023\/03\/logo-horizontal.svg","contentUrl":"https:\/\/wedo.outcondev.com\/wp-content\/uploads\/2023\/03\/logo-horizontal.svg","width":1,"height":1,"caption":"Wedo"},"image":{"@id":"https:\/\/wedo.outcondev.com\/#\/schema\/logo\/image\/"},"sameAs":["https:\/\/www.facebook.com\/wedosupplements","https:\/\/www.instagram.com\/wedocaresupplements\/"]}]}},"_links":{"self":[{"href":"https:\/\/wedo.outcondev.com\/sq\/wp-json\/wp\/v2\/product\/13263","targetHints":{"allow":["GET"]}}],"collection":[{"href":"https:\/\/wedo.outcondev.com\/sq\/wp-json\/wp\/v2\/product"}],"about":[{"href":"https:\/\/wedo.outcondev.com\/sq\/wp-json\/wp\/v2\/types\/product"}],"wp:featuredmedia":[{"embeddable":true,"href":"https:\/\/wedo.outcondev.com\/sq\/wp-json\/wp\/v2\/media\/13930"}],"wp:attachment":[{"href":"https:\/\/wedo.outcondev.com\/sq\/wp-json\/wp\/v2\/media?parent=13263"}],"wp:term":[{"taxonomy":"product_brand","embeddable":true,"href":"https:\/\/wedo.outcondev.com\/sq\/wp-json\/wp\/v2\/product_brand?post=13263"},{"taxonomy":"product_cat","embeddable":true,"href":"https:\/\/wedo.outcondev.com\/sq\/wp-json\/wp\/v2\/product_cat?post=13263"},{"taxonomy":"product_tag","embeddable":true,"href":"https:\/\/wedo.outcondev.com\/sq\/wp-json\/wp\/v2\/product_tag?post=13263"},{"taxonomy":"product_collection","embeddable":true,"href":"https:\/\/wedo.outcondev.com\/sq\/wp-json\/wp\/v2\/product_collection?post=13263"}],"curies":[{"name":"wp","href":"https:\/\/api.w.org\/{rel}","templated":true}]}}