{"id":13443,"date":"2023-09-07T14:42:17","date_gmt":"2023-09-07T11:42:17","guid":{"rendered":"https:\/\/wedo.outcondev.com\/?post_type=product&#038;p=13443"},"modified":"2024-01-11T17:00:31","modified_gmt":"2024-01-11T15:00:31","slug":"estocal","status":"publish","type":"product","link":"https:\/\/wedo.outcondev.com\/sq\/estocal\/","title":{"rendered":"Estocal"},"content":{"rendered":"<p><span data-contrast=\"auto\"><strong>Estocal<\/strong> \u00ebsht\u00eb nj\u00eb produkt p\u00ebr intoleranc\u00ebn ndaj laktoz\u00ebs q\u00eb ndihmon n\u00eb zb\u00ebrthimin e laktoz\u00ebs pas konsumimit t\u00eb produkteve t\u00eb qum\u00ebshtit.<\/span><span data-ccp-props=\"{&quot;201341983&quot;:0,&quot;335559739&quot;:160,&quot;335559740&quot;:259}\">\u00a0<\/span><\/p>\n","protected":false},"excerpt":{"rendered":"<p>Estocal \u00ebsht\u00eb nj\u00eb produkt p\u00ebr intoleranc\u00ebn ndaj laktoz\u00ebs q\u00eb ndihmon n\u00eb zb\u00ebrthimin e laktoz\u00ebs pas konsumimit t\u00eb produkteve t\u00eb qum\u00ebshtit.\u00a0<\/p>\n","protected":false},"featured_media":13905,"template":"","meta":{"_acf_changed":false},"product_brand":[],"product_cat":[197,191,131],"product_tag":[289],"product_collection":[120],"class_list":{"0":"post-13443","1":"product","2":"type-product","3":"status-publish","4":"has-post-thumbnail","6":"product_cat-per-intolerancen-ndaj-laktozes","7":"product_cat-per-sistemin-tretes","8":"product_cat-te-gjitha","9":"product_tag-estocal-sq","10":"product_collection-estocal","12":"first","13":"instock","14":"taxable","15":"shipping-taxable","16":"purchasable","17":"product-type-simple"},"acf":[],"yoast_head":"<!-- This site is optimized with the Yoast SEO plugin v23.9 - https:\/\/yoast.com\/wordpress\/plugins\/seo\/ -->\n<title>Estocal - Wedo<\/title>\n<meta name=\"robots\" content=\"noindex, follow, max-snippet:-1, max-image-preview:large, max-video-preview:-1\" \/>\n<meta property=\"og:locale\" content=\"sq_AL\" \/>\n<meta property=\"og:type\" content=\"article\" \/>\n<meta property=\"og:title\" content=\"Estocal - Wedo\" \/>\n<meta property=\"og:description\" content=\"Estocal \u00ebsht\u00eb nj\u00eb produkt p\u00ebr intoleranc\u00ebn ndaj laktoz\u00ebs q\u00eb ndihmon n\u00eb zb\u00ebrthimin e laktoz\u00ebs pas konsumimit t\u00eb produkteve t\u00eb qum\u00ebshtit.\u00a0\" \/>\n<meta property=\"og:url\" content=\"https:\/\/wedo.outcondev.com\/sq\/te-gjitha\/per-intolerancen-ndaj-laktozes\/estocal\/\" \/>\n<meta property=\"og:site_name\" content=\"Wedo\" \/>\n<meta property=\"article:publisher\" content=\"https:\/\/www.facebook.com\/wedosupplements\" \/>\n<meta property=\"article:modified_time\" content=\"2024-01-11T15:00:31+00:00\" \/>\n<meta property=\"og:image\" content=\"https:\/\/wedo.outcondev.com\/wp-content\/uploads\/2023\/09\/3d-estocal_frontal_left.png\" \/>\n\t<meta property=\"og:image:width\" content=\"700\" \/>\n\t<meta property=\"og:image:height\" content=\"700\" \/>\n\t<meta property=\"og:image:type\" content=\"image\/png\" \/>\n<meta name=\"twitter:card\" content=\"summary_large_image\" \/>\n<script type=\"application\/ld+json\" class=\"yoast-schema-graph\">{\"@context\":\"https:\/\/schema.org\",\"@graph\":[{\"@type\":\"WebPage\",\"@id\":\"https:\/\/wedo.outcondev.com\/sq\/te-gjitha\/per-intolerancen-ndaj-laktozes\/estocal\/\",\"url\":\"https:\/\/wedo.outcondev.com\/sq\/te-gjitha\/per-intolerancen-ndaj-laktozes\/estocal\/\",\"name\":\"Estocal - Wedo\",\"isPartOf\":{\"@id\":\"https:\/\/wedo.outcondev.com\/#website\"},\"primaryImageOfPage\":{\"@id\":\"https:\/\/wedo.outcondev.com\/sq\/te-gjitha\/per-intolerancen-ndaj-laktozes\/estocal\/#primaryimage\"},\"image\":{\"@id\":\"https:\/\/wedo.outcondev.com\/sq\/te-gjitha\/per-intolerancen-ndaj-laktozes\/estocal\/#primaryimage\"},\"thumbnailUrl\":\"https:\/\/wedo.outcondev.com\/wp-content\/uploads\/2024\/01\/estocal-EN-1-front.png\",\"datePublished\":\"2023-09-07T11:42:17+00:00\",\"dateModified\":\"2024-01-11T15:00:31+00:00\",\"breadcrumb\":{\"@id\":\"https:\/\/wedo.outcondev.com\/sq\/te-gjitha\/per-intolerancen-ndaj-laktozes\/estocal\/#breadcrumb\"},\"inLanguage\":\"sq-AL\",\"potentialAction\":[{\"@type\":\"ReadAction\",\"target\":[\"https:\/\/wedo.outcondev.com\/sq\/te-gjitha\/per-intolerancen-ndaj-laktozes\/estocal\/\"]}]},{\"@type\":\"ImageObject\",\"inLanguage\":\"sq-AL\",\"@id\":\"https:\/\/wedo.outcondev.com\/sq\/te-gjitha\/per-intolerancen-ndaj-laktozes\/estocal\/#primaryimage\",\"url\":\"https:\/\/wedo.outcondev.com\/wp-content\/uploads\/2024\/01\/estocal-EN-1-front.png\",\"contentUrl\":\"https:\/\/wedo.outcondev.com\/wp-content\/uploads\/2024\/01\/estocal-EN-1-front.png\",\"width\":1800,\"height\":1800},{\"@type\":\"BreadcrumbList\",\"@id\":\"https:\/\/wedo.outcondev.com\/sq\/te-gjitha\/per-intolerancen-ndaj-laktozes\/estocal\/#breadcrumb\",\"itemListElement\":[{\"@type\":\"ListItem\",\"position\":1,\"name\":\"Home\",\"item\":\"https:\/\/wedo.outcondev.com\/sq\/\"},{\"@type\":\"ListItem\",\"position\":2,\"name\":\"Shop\",\"item\":\"https:\/\/wedo.outcondev.com\/shop-2\/\"},{\"@type\":\"ListItem\",\"position\":3,\"name\":\"Estocal\"}]},{\"@type\":\"WebSite\",\"@id\":\"https:\/\/wedo.outcondev.com\/#website\",\"url\":\"https:\/\/wedo.outcondev.com\/\",\"name\":\"Wedo Care\",\"description\":\"Wedo\",\"publisher\":{\"@id\":\"https:\/\/wedo.outcondev.com\/#organization\"},\"potentialAction\":[{\"@type\":\"SearchAction\",\"target\":{\"@type\":\"EntryPoint\",\"urlTemplate\":\"https:\/\/wedo.outcondev.com\/?s={search_term_string}\"},\"query-input\":{\"@type\":\"PropertyValueSpecification\",\"valueRequired\":true,\"valueName\":\"search_term_string\"}}],\"inLanguage\":\"sq-AL\"},{\"@type\":\"Organization\",\"@id\":\"https:\/\/wedo.outcondev.com\/#organization\",\"name\":\"Wedo\",\"url\":\"https:\/\/wedo.outcondev.com\/\",\"logo\":{\"@type\":\"ImageObject\",\"inLanguage\":\"sq-AL\",\"@id\":\"https:\/\/wedo.outcondev.com\/#\/schema\/logo\/image\/\",\"url\":\"https:\/\/wedo.outcondev.com\/wp-content\/uploads\/2023\/03\/logo-horizontal.svg\",\"contentUrl\":\"https:\/\/wedo.outcondev.com\/wp-content\/uploads\/2023\/03\/logo-horizontal.svg\",\"width\":1,\"height\":1,\"caption\":\"Wedo\"},\"image\":{\"@id\":\"https:\/\/wedo.outcondev.com\/#\/schema\/logo\/image\/\"},\"sameAs\":[\"https:\/\/www.facebook.com\/wedosupplements\",\"https:\/\/www.instagram.com\/wedocaresupplements\/\"]}]}<\/script>\n<!-- \/ Yoast SEO plugin. -->","yoast_head_json":{"title":"Estocal - Wedo","robots":{"index":"noindex","follow":"follow","max-snippet":"max-snippet:-1","max-image-preview":"max-image-preview:large","max-video-preview":"max-video-preview:-1"},"og_locale":"sq_AL","og_type":"article","og_title":"Estocal - Wedo","og_description":"Estocal \u00ebsht\u00eb nj\u00eb produkt p\u00ebr intoleranc\u00ebn ndaj laktoz\u00ebs q\u00eb ndihmon n\u00eb zb\u00ebrthimin e laktoz\u00ebs pas konsumimit t\u00eb produkteve t\u00eb qum\u00ebshtit.\u00a0","og_url":"https:\/\/wedo.outcondev.com\/sq\/te-gjitha\/per-intolerancen-ndaj-laktozes\/estocal\/","og_site_name":"Wedo","article_publisher":"https:\/\/www.facebook.com\/wedosupplements","article_modified_time":"2024-01-11T15:00:31+00:00","og_image":[{"width":700,"height":700,"url":"https:\/\/wedo.outcondev.com\/wp-content\/uploads\/2023\/09\/3d-estocal_frontal_left.png","type":"image\/png"}],"twitter_card":"summary_large_image","schema":{"@context":"https:\/\/schema.org","@graph":[{"@type":"WebPage","@id":"https:\/\/wedo.outcondev.com\/sq\/te-gjitha\/per-intolerancen-ndaj-laktozes\/estocal\/","url":"https:\/\/wedo.outcondev.com\/sq\/te-gjitha\/per-intolerancen-ndaj-laktozes\/estocal\/","name":"Estocal - Wedo","isPartOf":{"@id":"https:\/\/wedo.outcondev.com\/#website"},"primaryImageOfPage":{"@id":"https:\/\/wedo.outcondev.com\/sq\/te-gjitha\/per-intolerancen-ndaj-laktozes\/estocal\/#primaryimage"},"image":{"@id":"https:\/\/wedo.outcondev.com\/sq\/te-gjitha\/per-intolerancen-ndaj-laktozes\/estocal\/#primaryimage"},"thumbnailUrl":"https:\/\/wedo.outcondev.com\/wp-content\/uploads\/2024\/01\/estocal-EN-1-front.png","datePublished":"2023-09-07T11:42:17+00:00","dateModified":"2024-01-11T15:00:31+00:00","breadcrumb":{"@id":"https:\/\/wedo.outcondev.com\/sq\/te-gjitha\/per-intolerancen-ndaj-laktozes\/estocal\/#breadcrumb"},"inLanguage":"sq-AL","potentialAction":[{"@type":"ReadAction","target":["https:\/\/wedo.outcondev.com\/sq\/te-gjitha\/per-intolerancen-ndaj-laktozes\/estocal\/"]}]},{"@type":"ImageObject","inLanguage":"sq-AL","@id":"https:\/\/wedo.outcondev.com\/sq\/te-gjitha\/per-intolerancen-ndaj-laktozes\/estocal\/#primaryimage","url":"https:\/\/wedo.outcondev.com\/wp-content\/uploads\/2024\/01\/estocal-EN-1-front.png","contentUrl":"https:\/\/wedo.outcondev.com\/wp-content\/uploads\/2024\/01\/estocal-EN-1-front.png","width":1800,"height":1800},{"@type":"BreadcrumbList","@id":"https:\/\/wedo.outcondev.com\/sq\/te-gjitha\/per-intolerancen-ndaj-laktozes\/estocal\/#breadcrumb","itemListElement":[{"@type":"ListItem","position":1,"name":"Home","item":"https:\/\/wedo.outcondev.com\/sq\/"},{"@type":"ListItem","position":2,"name":"Shop","item":"https:\/\/wedo.outcondev.com\/shop-2\/"},{"@type":"ListItem","position":3,"name":"Estocal"}]},{"@type":"WebSite","@id":"https:\/\/wedo.outcondev.com\/#website","url":"https:\/\/wedo.outcondev.com\/","name":"Wedo Care","description":"Wedo","publisher":{"@id":"https:\/\/wedo.outcondev.com\/#organization"},"potentialAction":[{"@type":"SearchAction","target":{"@type":"EntryPoint","urlTemplate":"https:\/\/wedo.outcondev.com\/?s={search_term_string}"},"query-input":{"@type":"PropertyValueSpecification","valueRequired":true,"valueName":"search_term_string"}}],"inLanguage":"sq-AL"},{"@type":"Organization","@id":"https:\/\/wedo.outcondev.com\/#organization","name":"Wedo","url":"https:\/\/wedo.outcondev.com\/","logo":{"@type":"ImageObject","inLanguage":"sq-AL","@id":"https:\/\/wedo.outcondev.com\/#\/schema\/logo\/image\/","url":"https:\/\/wedo.outcondev.com\/wp-content\/uploads\/2023\/03\/logo-horizontal.svg","contentUrl":"https:\/\/wedo.outcondev.com\/wp-content\/uploads\/2023\/03\/logo-horizontal.svg","width":1,"height":1,"caption":"Wedo"},"image":{"@id":"https:\/\/wedo.outcondev.com\/#\/schema\/logo\/image\/"},"sameAs":["https:\/\/www.facebook.com\/wedosupplements","https:\/\/www.instagram.com\/wedocaresupplements\/"]}]}},"_links":{"self":[{"href":"https:\/\/wedo.outcondev.com\/sq\/wp-json\/wp\/v2\/product\/13443","targetHints":{"allow":["GET"]}}],"collection":[{"href":"https:\/\/wedo.outcondev.com\/sq\/wp-json\/wp\/v2\/product"}],"about":[{"href":"https:\/\/wedo.outcondev.com\/sq\/wp-json\/wp\/v2\/types\/product"}],"wp:featuredmedia":[{"embeddable":true,"href":"https:\/\/wedo.outcondev.com\/sq\/wp-json\/wp\/v2\/media\/13905"}],"wp:attachment":[{"href":"https:\/\/wedo.outcondev.com\/sq\/wp-json\/wp\/v2\/media?parent=13443"}],"wp:term":[{"taxonomy":"product_brand","embeddable":true,"href":"https:\/\/wedo.outcondev.com\/sq\/wp-json\/wp\/v2\/product_brand?post=13443"},{"taxonomy":"product_cat","embeddable":true,"href":"https:\/\/wedo.outcondev.com\/sq\/wp-json\/wp\/v2\/product_cat?post=13443"},{"taxonomy":"product_tag","embeddable":true,"href":"https:\/\/wedo.outcondev.com\/sq\/wp-json\/wp\/v2\/product_tag?post=13443"},{"taxonomy":"product_collection","embeddable":true,"href":"https:\/\/wedo.outcondev.com\/sq\/wp-json\/wp\/v2\/product_collection?post=13443"}],"curies":[{"name":"wp","href":"https:\/\/api.w.org\/{rel}","templated":true}]}}