{"id":13519,"date":"2023-01-24T12:55:27","date_gmt":"2023-01-24T10:55:27","guid":{"rendered":"https:\/\/wedo.outcondev.com\/?post_type=product&#038;p=13519"},"modified":"2024-01-11T19:39:42","modified_gmt":"2024-01-11T17:39:42","slug":"folacid-meta","status":"publish","type":"product","link":"https:\/\/wedo.outcondev.com\/sq\/folacid-meta\/","title":{"rendered":"Folacid Meta"},"content":{"rendered":"<p><span data-contrast=\"auto\">Acidi folik<\/span> <span data-contrast=\"auto\">Meta<\/span> <span data-contrast=\"auto\">\u00ebsht\u00eb nj\u00eb gjenerat\u00eb e re e acidit folik bioaktiv: kalcium L-metilfolat, i gatsh\u00ebm p\u00ebr p\u00ebrthithje t\u00eb drejtp\u00ebrdrejt\u00eb nga trupi, duke p\u00ebrfshir\u00eb pranin\u00eb e nj\u00eb mutacioni <\/span><span data-contrast=\"auto\">MTHFR <\/span><span data-contrast=\"auto\">, duke prishur metabolizmin e acidit folik t\u00eb zakonsh\u00ebm. <\/span><span data-contrast=\"auto\">Acidi folik<\/span> <span data-contrast=\"auto\">Meta<\/span> <span data-contrast=\"auto\">kontribuon n\u00eb nj\u00eb p\u00ebrmbajtje m\u00eb t\u00eb lart\u00eb t\u00eb folatit n\u00eb trupin e n\u00ebn\u00ebs s\u00eb ardhshme. Nivelet e ul\u00ebta t\u00eb folatit jan\u00eb nj\u00eb faktor rreziku p\u00ebr zhvillimin e nj\u00eb defekti t\u00eb tubit nervor n\u00eb fetus<\/span> <b><span data-contrast=\"auto\">Spina bifida <\/span><\/b><span data-contrast=\"auto\">[2] <\/span><span data-contrast=\"auto\">.<\/span><span data-contrast=\"auto\">\u202f<\/span><span data-ccp-props=\"{&quot;201341983&quot;:0,&quot;335559731&quot;:270,&quot;335559739&quot;:0,&quot;335559740&quot;:240}\">\u00a0<\/span><\/p>\n<p><strong>Folacid Meta <\/strong><span data-contrast=\"none\">siguron doz\u00ebn e nevojshme ditore t\u00eb acidit folik p\u00ebr proceset e balancuara n\u00eb trup, ul nivelet e homocistein\u00ebs s\u00eb d\u00ebmshme, e cila d\u00ebmton sistemin kardiovaskular dhe nervor dhe ndihmon n\u00eb sintez\u00ebn e neurotransmetuesve n\u00eb tru. <\/span><span data-contrast=\"none\">[ <\/span><span data-contrast=\"none\">4 <\/span><span data-contrast=\"none\">] <\/span><span data-contrast=\"none\">, <\/span><span data-contrast=\"none\">[ <\/span><span data-contrast=\"none\">5, <\/span><span data-contrast=\"none\">[6]<\/span><span data-contrast=\"none\">\u202f<\/span><span data-ccp-props=\"{&quot;201341983&quot;:0,&quot;335559731&quot;:270,&quot;335559739&quot;:0,&quot;335559740&quot;:240}\">\u00a0<\/span><\/p>\n","protected":false},"excerpt":{"rendered":"<p>Acidi folik Meta \u00ebsht\u00eb nj\u00eb gjenerat\u00eb e re e acidit folik bioaktiv: kalcium L-metilfolat, i gatsh\u00ebm p\u00ebr p\u00ebrthithje t\u00eb drejtp\u00ebrdrejt\u00eb nga trupi, duke p\u00ebrfshir\u00eb pranin\u00eb e nj\u00eb mutacioni MTHFR , duke prishur metabolizmin e acidit folik t\u00eb zakonsh\u00ebm. Acidi folik Meta kontribuon n\u00eb nj\u00eb p\u00ebrmbajtje m\u00eb t\u00eb lart\u00eb t\u00eb folatit n\u00eb trupin e n\u00ebn\u00ebs s\u00eb [&hellip;]<\/p>\n","protected":false},"featured_media":17705,"template":"","meta":{"_acf_changed":false},"product_brand":[],"product_cat":[209,131],"product_tag":[295],"product_collection":[52],"class_list":{"0":"post-13519","1":"product","2":"type-product","3":"status-publish","4":"has-post-thumbnail","6":"product_cat-vitamina","7":"product_cat-te-gjitha","8":"product_tag-folacid-sq","9":"product_collection-folacid","11":"first","12":"instock","13":"taxable","14":"shipping-taxable","15":"purchasable","16":"product-type-simple"},"acf":[],"yoast_head":"<!-- This site is optimized with the Yoast SEO plugin v23.9 - https:\/\/yoast.com\/wordpress\/plugins\/seo\/ -->\n<title>Folacid Meta - Wedo<\/title>\n<meta name=\"robots\" content=\"noindex, follow, max-snippet:-1, max-image-preview:large, max-video-preview:-1\" \/>\n<meta property=\"og:locale\" content=\"sq_AL\" \/>\n<meta property=\"og:type\" content=\"article\" \/>\n<meta property=\"og:title\" content=\"Folacid Meta - Wedo\" \/>\n<meta property=\"og:description\" content=\"Acidi folik Meta \u00ebsht\u00eb nj\u00eb gjenerat\u00eb e re e acidit folik bioaktiv: kalcium L-metilfolat, i gatsh\u00ebm p\u00ebr p\u00ebrthithje t\u00eb drejtp\u00ebrdrejt\u00eb nga trupi, duke p\u00ebrfshir\u00eb pranin\u00eb e nj\u00eb mutacioni MTHFR , duke prishur metabolizmin e acidit folik t\u00eb zakonsh\u00ebm. Acidi folik Meta kontribuon n\u00eb nj\u00eb p\u00ebrmbajtje m\u00eb t\u00eb lart\u00eb t\u00eb folatit n\u00eb trupin e n\u00ebn\u00ebs s\u00eb [&hellip;]\" \/>\n<meta property=\"og:url\" content=\"https:\/\/wedo.outcondev.com\/sq\/te-gjitha\/vitamina\/folacid-meta\/\" \/>\n<meta property=\"og:site_name\" content=\"Wedo\" \/>\n<meta property=\"article:publisher\" content=\"https:\/\/www.facebook.com\/wedosupplements\" \/>\n<meta property=\"article:modified_time\" content=\"2024-01-11T17:39:42+00:00\" \/>\n<meta property=\"og:image\" content=\"https:\/\/wedo.outcondev.com\/wp-content\/uploads\/2023\/01\/Folacid-Meta-1.png\" \/>\n\t<meta property=\"og:image:width\" content=\"1200\" \/>\n\t<meta property=\"og:image:height\" content=\"1800\" \/>\n\t<meta property=\"og:image:type\" content=\"image\/png\" \/>\n<meta name=\"twitter:card\" content=\"summary_large_image\" \/>\n<meta name=\"twitter:label1\" content=\"Est. reading time\" \/>\n\t<meta name=\"twitter:data1\" content=\"1 minute\" \/>\n<script type=\"application\/ld+json\" class=\"yoast-schema-graph\">{\"@context\":\"https:\/\/schema.org\",\"@graph\":[{\"@type\":\"WebPage\",\"@id\":\"https:\/\/wedo.outcondev.com\/sq\/te-gjitha\/vitamina\/folacid-meta\/\",\"url\":\"https:\/\/wedo.outcondev.com\/sq\/te-gjitha\/vitamina\/folacid-meta\/\",\"name\":\"Folacid Meta - Wedo\",\"isPartOf\":{\"@id\":\"https:\/\/wedo.outcondev.com\/#website\"},\"primaryImageOfPage\":{\"@id\":\"https:\/\/wedo.outcondev.com\/sq\/te-gjitha\/vitamina\/folacid-meta\/#primaryimage\"},\"image\":{\"@id\":\"https:\/\/wedo.outcondev.com\/sq\/te-gjitha\/vitamina\/folacid-meta\/#primaryimage\"},\"thumbnailUrl\":\"https:\/\/wedo.outcondev.com\/wp-content\/uploads\/2023\/01\/Untitled-design-43.png\",\"datePublished\":\"2023-01-24T10:55:27+00:00\",\"dateModified\":\"2024-01-11T17:39:42+00:00\",\"breadcrumb\":{\"@id\":\"https:\/\/wedo.outcondev.com\/sq\/te-gjitha\/vitamina\/folacid-meta\/#breadcrumb\"},\"inLanguage\":\"sq-AL\",\"potentialAction\":[{\"@type\":\"ReadAction\",\"target\":[\"https:\/\/wedo.outcondev.com\/sq\/te-gjitha\/vitamina\/folacid-meta\/\"]}]},{\"@type\":\"ImageObject\",\"inLanguage\":\"sq-AL\",\"@id\":\"https:\/\/wedo.outcondev.com\/sq\/te-gjitha\/vitamina\/folacid-meta\/#primaryimage\",\"url\":\"https:\/\/wedo.outcondev.com\/wp-content\/uploads\/2023\/01\/Untitled-design-43.png\",\"contentUrl\":\"https:\/\/wedo.outcondev.com\/wp-content\/uploads\/2023\/01\/Untitled-design-43.png\",\"width\":1080,\"height\":1080},{\"@type\":\"BreadcrumbList\",\"@id\":\"https:\/\/wedo.outcondev.com\/sq\/te-gjitha\/vitamina\/folacid-meta\/#breadcrumb\",\"itemListElement\":[{\"@type\":\"ListItem\",\"position\":1,\"name\":\"Home\",\"item\":\"https:\/\/wedo.outcondev.com\/sq\/\"},{\"@type\":\"ListItem\",\"position\":2,\"name\":\"Shop\",\"item\":\"https:\/\/wedo.outcondev.com\/shop-2\/\"},{\"@type\":\"ListItem\",\"position\":3,\"name\":\"Folacid Meta\"}]},{\"@type\":\"WebSite\",\"@id\":\"https:\/\/wedo.outcondev.com\/#website\",\"url\":\"https:\/\/wedo.outcondev.com\/\",\"name\":\"Wedo Care\",\"description\":\"Wedo\",\"publisher\":{\"@id\":\"https:\/\/wedo.outcondev.com\/#organization\"},\"potentialAction\":[{\"@type\":\"SearchAction\",\"target\":{\"@type\":\"EntryPoint\",\"urlTemplate\":\"https:\/\/wedo.outcondev.com\/?s={search_term_string}\"},\"query-input\":{\"@type\":\"PropertyValueSpecification\",\"valueRequired\":true,\"valueName\":\"search_term_string\"}}],\"inLanguage\":\"sq-AL\"},{\"@type\":\"Organization\",\"@id\":\"https:\/\/wedo.outcondev.com\/#organization\",\"name\":\"Wedo\",\"url\":\"https:\/\/wedo.outcondev.com\/\",\"logo\":{\"@type\":\"ImageObject\",\"inLanguage\":\"sq-AL\",\"@id\":\"https:\/\/wedo.outcondev.com\/#\/schema\/logo\/image\/\",\"url\":\"https:\/\/wedo.outcondev.com\/wp-content\/uploads\/2023\/03\/logo-horizontal.svg\",\"contentUrl\":\"https:\/\/wedo.outcondev.com\/wp-content\/uploads\/2023\/03\/logo-horizontal.svg\",\"width\":1,\"height\":1,\"caption\":\"Wedo\"},\"image\":{\"@id\":\"https:\/\/wedo.outcondev.com\/#\/schema\/logo\/image\/\"},\"sameAs\":[\"https:\/\/www.facebook.com\/wedosupplements\",\"https:\/\/www.instagram.com\/wedocaresupplements\/\"]}]}<\/script>\n<!-- \/ Yoast SEO plugin. -->","yoast_head_json":{"title":"Folacid Meta - Wedo","robots":{"index":"noindex","follow":"follow","max-snippet":"max-snippet:-1","max-image-preview":"max-image-preview:large","max-video-preview":"max-video-preview:-1"},"og_locale":"sq_AL","og_type":"article","og_title":"Folacid Meta - Wedo","og_description":"Acidi folik Meta \u00ebsht\u00eb nj\u00eb gjenerat\u00eb e re e acidit folik bioaktiv: kalcium L-metilfolat, i gatsh\u00ebm p\u00ebr p\u00ebrthithje t\u00eb drejtp\u00ebrdrejt\u00eb nga trupi, duke p\u00ebrfshir\u00eb pranin\u00eb e nj\u00eb mutacioni MTHFR , duke prishur metabolizmin e acidit folik t\u00eb zakonsh\u00ebm. Acidi folik Meta kontribuon n\u00eb nj\u00eb p\u00ebrmbajtje m\u00eb t\u00eb lart\u00eb t\u00eb folatit n\u00eb trupin e n\u00ebn\u00ebs s\u00eb [&hellip;]","og_url":"https:\/\/wedo.outcondev.com\/sq\/te-gjitha\/vitamina\/folacid-meta\/","og_site_name":"Wedo","article_publisher":"https:\/\/www.facebook.com\/wedosupplements","article_modified_time":"2024-01-11T17:39:42+00:00","og_image":[{"width":1200,"height":1800,"url":"https:\/\/wedo.outcondev.com\/wp-content\/uploads\/2023\/01\/Folacid-Meta-1.png","type":"image\/png"}],"twitter_card":"summary_large_image","twitter_misc":{"Est. reading time":"1 minute"},"schema":{"@context":"https:\/\/schema.org","@graph":[{"@type":"WebPage","@id":"https:\/\/wedo.outcondev.com\/sq\/te-gjitha\/vitamina\/folacid-meta\/","url":"https:\/\/wedo.outcondev.com\/sq\/te-gjitha\/vitamina\/folacid-meta\/","name":"Folacid Meta - Wedo","isPartOf":{"@id":"https:\/\/wedo.outcondev.com\/#website"},"primaryImageOfPage":{"@id":"https:\/\/wedo.outcondev.com\/sq\/te-gjitha\/vitamina\/folacid-meta\/#primaryimage"},"image":{"@id":"https:\/\/wedo.outcondev.com\/sq\/te-gjitha\/vitamina\/folacid-meta\/#primaryimage"},"thumbnailUrl":"https:\/\/wedo.outcondev.com\/wp-content\/uploads\/2023\/01\/Untitled-design-43.png","datePublished":"2023-01-24T10:55:27+00:00","dateModified":"2024-01-11T17:39:42+00:00","breadcrumb":{"@id":"https:\/\/wedo.outcondev.com\/sq\/te-gjitha\/vitamina\/folacid-meta\/#breadcrumb"},"inLanguage":"sq-AL","potentialAction":[{"@type":"ReadAction","target":["https:\/\/wedo.outcondev.com\/sq\/te-gjitha\/vitamina\/folacid-meta\/"]}]},{"@type":"ImageObject","inLanguage":"sq-AL","@id":"https:\/\/wedo.outcondev.com\/sq\/te-gjitha\/vitamina\/folacid-meta\/#primaryimage","url":"https:\/\/wedo.outcondev.com\/wp-content\/uploads\/2023\/01\/Untitled-design-43.png","contentUrl":"https:\/\/wedo.outcondev.com\/wp-content\/uploads\/2023\/01\/Untitled-design-43.png","width":1080,"height":1080},{"@type":"BreadcrumbList","@id":"https:\/\/wedo.outcondev.com\/sq\/te-gjitha\/vitamina\/folacid-meta\/#breadcrumb","itemListElement":[{"@type":"ListItem","position":1,"name":"Home","item":"https:\/\/wedo.outcondev.com\/sq\/"},{"@type":"ListItem","position":2,"name":"Shop","item":"https:\/\/wedo.outcondev.com\/shop-2\/"},{"@type":"ListItem","position":3,"name":"Folacid Meta"}]},{"@type":"WebSite","@id":"https:\/\/wedo.outcondev.com\/#website","url":"https:\/\/wedo.outcondev.com\/","name":"Wedo Care","description":"Wedo","publisher":{"@id":"https:\/\/wedo.outcondev.com\/#organization"},"potentialAction":[{"@type":"SearchAction","target":{"@type":"EntryPoint","urlTemplate":"https:\/\/wedo.outcondev.com\/?s={search_term_string}"},"query-input":{"@type":"PropertyValueSpecification","valueRequired":true,"valueName":"search_term_string"}}],"inLanguage":"sq-AL"},{"@type":"Organization","@id":"https:\/\/wedo.outcondev.com\/#organization","name":"Wedo","url":"https:\/\/wedo.outcondev.com\/","logo":{"@type":"ImageObject","inLanguage":"sq-AL","@id":"https:\/\/wedo.outcondev.com\/#\/schema\/logo\/image\/","url":"https:\/\/wedo.outcondev.com\/wp-content\/uploads\/2023\/03\/logo-horizontal.svg","contentUrl":"https:\/\/wedo.outcondev.com\/wp-content\/uploads\/2023\/03\/logo-horizontal.svg","width":1,"height":1,"caption":"Wedo"},"image":{"@id":"https:\/\/wedo.outcondev.com\/#\/schema\/logo\/image\/"},"sameAs":["https:\/\/www.facebook.com\/wedosupplements","https:\/\/www.instagram.com\/wedocaresupplements\/"]}]}},"_links":{"self":[{"href":"https:\/\/wedo.outcondev.com\/sq\/wp-json\/wp\/v2\/product\/13519","targetHints":{"allow":["GET"]}}],"collection":[{"href":"https:\/\/wedo.outcondev.com\/sq\/wp-json\/wp\/v2\/product"}],"about":[{"href":"https:\/\/wedo.outcondev.com\/sq\/wp-json\/wp\/v2\/types\/product"}],"wp:featuredmedia":[{"embeddable":true,"href":"https:\/\/wedo.outcondev.com\/sq\/wp-json\/wp\/v2\/media\/17705"}],"wp:attachment":[{"href":"https:\/\/wedo.outcondev.com\/sq\/wp-json\/wp\/v2\/media?parent=13519"}],"wp:term":[{"taxonomy":"product_brand","embeddable":true,"href":"https:\/\/wedo.outcondev.com\/sq\/wp-json\/wp\/v2\/product_brand?post=13519"},{"taxonomy":"product_cat","embeddable":true,"href":"https:\/\/wedo.outcondev.com\/sq\/wp-json\/wp\/v2\/product_cat?post=13519"},{"taxonomy":"product_tag","embeddable":true,"href":"https:\/\/wedo.outcondev.com\/sq\/wp-json\/wp\/v2\/product_tag?post=13519"},{"taxonomy":"product_collection","embeddable":true,"href":"https:\/\/wedo.outcondev.com\/sq\/wp-json\/wp\/v2\/product_collection?post=13519"}],"curies":[{"name":"wp","href":"https:\/\/api.w.org\/{rel}","templated":true}]}}