{"id":14991,"date":"2023-11-18T18:58:16","date_gmt":"2023-11-18T16:58:16","guid":{"rendered":"https:\/\/wedo.outcondev.com\/uncategorized\/apriben\/"},"modified":"2024-02-19T15:37:10","modified_gmt":"2024-02-19T13:37:10","slug":"apriben","status":"publish","type":"product","link":"https:\/\/wedo.outcondev.com\/sq\/apriben\/","title":{"rendered":"Apriben"},"content":{"rendered":"<p><span data-contrast=\"auto\"><strong>Apriben<\/strong> \u00ebsht\u00eb projektuar p\u00ebr mir\u00ebqenien e p\u00ebrgjithshme fizike dhe mbrojtjen natyrore t\u00eb trupit. Ai p\u00ebrmban substanca aktive q\u00eb optimizojn\u00eb sh\u00ebndetin fizik, tonin e trupit dhe funksionet e sistemit imunitar dhe kardiovaskular, ve\u00e7an\u00ebrisht n\u00eb prani t\u00eb faktor\u00ebve stresues.<\/span> <b><\/b><\/p>\n<p><b><span data-contrast=\"auto\">Ekstrakti i b\u00ebrtham\u00ebs s\u00eb kajsis\u00eb:<\/span><\/b><span data-contrast=\"auto\"> p\u00ebrmban t\u00eb ashtuquajtur\u00ebn vitamin\u00eb B17, e njohur edhe si amigdalin\u00eb. Kjo substanc\u00eb ka qen\u00eb n\u00eb fokusin e shkenc\u00ebtar\u00ebve p\u00ebr dekada t\u00eb t\u00ebra p\u00ebrball\u00eb kushteve t\u00eb ndryshme stresuese n\u00eb trup.<\/span><\/p>\n<p><b><span data-contrast=\"none\">K\u00ebrpudha<\/span><\/b> <b><span data-contrast=\"auto\">Shiitake ekstrakt:<\/span><\/b> <span data-contrast=\"auto\">mb\u00ebshtet funksionin e sistemit imunitar dhe nervor, si dhe tonin e p\u00ebrgjithsh\u00ebm <\/span> <span data-contrast=\"auto\">t\u00eb trupit.<\/span><\/p>\n<p><b><span data-contrast=\"none\">K\u00ebrpudha<\/span><\/b> <b><span data-contrast=\"auto\">Reishi ekstrakt<\/span><\/b> <span data-contrast=\"auto\">ndihmon n\u00eb optimizimin e sh\u00ebndetit fizik, qarkullimit t\u00eb gjakut dhe fuqive natyrore t\u00eb trupit.<\/span><\/p>\n<p><b><span data-contrast=\"none\">K\u00ebrpudha<\/span><\/b> <b><span data-contrast=\"auto\">Chaga ekstrakt<\/span><\/b> <span data-contrast=\"auto\">p\u00ebrmban nj\u00eb s\u00ebr\u00eb substancash biologjikisht aktive si beta-glukane, fibra mykotike, enzima dhe t\u00eb tjera, t\u00eb cilat stimulojn\u00eb elasticitetin e trupit.<\/span><\/p>\n","protected":false},"excerpt":{"rendered":"<p>Apriben \u00ebsht\u00eb nj\u00eb produkt q\u00eb mb\u00ebshtet mir\u00ebqenien fizike t\u00eb organizmit dhe sistemin e tij imunitar.<\/p>\n","protected":false},"featured_media":14046,"template":"","meta":{"_acf_changed":false},"product_brand":[],"product_cat":[209,131],"product_tag":[308],"product_collection":[163],"class_list":{"0":"post-14991","1":"product","2":"type-product","3":"status-publish","4":"has-post-thumbnail","6":"product_cat-vitamina","7":"product_cat-te-gjitha","8":"product_tag-apriben-sq","9":"product_collection-apriben","11":"first","12":"instock","13":"taxable","14":"shipping-taxable","15":"purchasable","16":"product-type-simple"},"acf":[],"yoast_head":"<!-- This site is optimized with the Yoast SEO plugin v23.9 - https:\/\/yoast.com\/wordpress\/plugins\/seo\/ -->\n<title>Apriben - Wedo<\/title>\n<meta name=\"robots\" content=\"noindex, follow, max-snippet:-1, max-image-preview:large, max-video-preview:-1\" \/>\n<meta property=\"og:locale\" content=\"sq_AL\" \/>\n<meta property=\"og:type\" content=\"article\" \/>\n<meta property=\"og:title\" content=\"Apriben - Wedo\" \/>\n<meta property=\"og:description\" content=\"Apriben \u00ebsht\u00eb nj\u00eb produkt q\u00eb mb\u00ebshtet mir\u00ebqenien fizike t\u00eb organizmit dhe sistemin e tij imunitar.\" \/>\n<meta property=\"og:url\" content=\"https:\/\/wedo.outcondev.com\/sq\/te-gjitha\/vitamina\/apriben\/\" \/>\n<meta property=\"og:site_name\" content=\"Wedo\" \/>\n<meta property=\"article:publisher\" content=\"https:\/\/www.facebook.com\/wedosupplements\" \/>\n<meta property=\"article:modified_time\" content=\"2024-02-19T13:37:10+00:00\" \/>\n<meta property=\"og:image\" content=\"https:\/\/wedo.outcondev.com\/wp-content\/uploads\/2024\/01\/apriben-EN-1-front-1.png\" \/>\n\t<meta property=\"og:image:width\" content=\"1350\" \/>\n\t<meta property=\"og:image:height\" content=\"1800\" \/>\n\t<meta property=\"og:image:type\" content=\"image\/png\" \/>\n<meta name=\"twitter:card\" content=\"summary_large_image\" \/>\n<meta name=\"twitter:label1\" content=\"Est. reading time\" \/>\n\t<meta name=\"twitter:data1\" content=\"1 minute\" \/>\n<script type=\"application\/ld+json\" class=\"yoast-schema-graph\">{\"@context\":\"https:\/\/schema.org\",\"@graph\":[{\"@type\":\"WebPage\",\"@id\":\"https:\/\/wedo.outcondev.com\/sq\/te-gjitha\/vitamina\/apriben\/\",\"url\":\"https:\/\/wedo.outcondev.com\/sq\/te-gjitha\/vitamina\/apriben\/\",\"name\":\"Apriben - Wedo\",\"isPartOf\":{\"@id\":\"https:\/\/wedo.outcondev.com\/#website\"},\"primaryImageOfPage\":{\"@id\":\"https:\/\/wedo.outcondev.com\/sq\/te-gjitha\/vitamina\/apriben\/#primaryimage\"},\"image\":{\"@id\":\"https:\/\/wedo.outcondev.com\/sq\/te-gjitha\/vitamina\/apriben\/#primaryimage\"},\"thumbnailUrl\":\"https:\/\/wedo.outcondev.com\/wp-content\/uploads\/2024\/01\/apriben-EN-1-front-1.png\",\"datePublished\":\"2023-11-18T16:58:16+00:00\",\"dateModified\":\"2024-02-19T13:37:10+00:00\",\"breadcrumb\":{\"@id\":\"https:\/\/wedo.outcondev.com\/sq\/te-gjitha\/vitamina\/apriben\/#breadcrumb\"},\"inLanguage\":\"sq-AL\",\"potentialAction\":[{\"@type\":\"ReadAction\",\"target\":[\"https:\/\/wedo.outcondev.com\/sq\/te-gjitha\/vitamina\/apriben\/\"]}]},{\"@type\":\"ImageObject\",\"inLanguage\":\"sq-AL\",\"@id\":\"https:\/\/wedo.outcondev.com\/sq\/te-gjitha\/vitamina\/apriben\/#primaryimage\",\"url\":\"https:\/\/wedo.outcondev.com\/wp-content\/uploads\/2024\/01\/apriben-EN-1-front-1.png\",\"contentUrl\":\"https:\/\/wedo.outcondev.com\/wp-content\/uploads\/2024\/01\/apriben-EN-1-front-1.png\",\"width\":1350,\"height\":1800},{\"@type\":\"BreadcrumbList\",\"@id\":\"https:\/\/wedo.outcondev.com\/sq\/te-gjitha\/vitamina\/apriben\/#breadcrumb\",\"itemListElement\":[{\"@type\":\"ListItem\",\"position\":1,\"name\":\"Home\",\"item\":\"https:\/\/wedo.outcondev.com\/sq\/\"},{\"@type\":\"ListItem\",\"position\":2,\"name\":\"Shop\",\"item\":\"https:\/\/wedo.outcondev.com\/shop-2\/\"},{\"@type\":\"ListItem\",\"position\":3,\"name\":\"Apriben\"}]},{\"@type\":\"WebSite\",\"@id\":\"https:\/\/wedo.outcondev.com\/#website\",\"url\":\"https:\/\/wedo.outcondev.com\/\",\"name\":\"Wedo Care\",\"description\":\"Wedo\",\"publisher\":{\"@id\":\"https:\/\/wedo.outcondev.com\/#organization\"},\"potentialAction\":[{\"@type\":\"SearchAction\",\"target\":{\"@type\":\"EntryPoint\",\"urlTemplate\":\"https:\/\/wedo.outcondev.com\/?s={search_term_string}\"},\"query-input\":{\"@type\":\"PropertyValueSpecification\",\"valueRequired\":true,\"valueName\":\"search_term_string\"}}],\"inLanguage\":\"sq-AL\"},{\"@type\":\"Organization\",\"@id\":\"https:\/\/wedo.outcondev.com\/#organization\",\"name\":\"Wedo\",\"url\":\"https:\/\/wedo.outcondev.com\/\",\"logo\":{\"@type\":\"ImageObject\",\"inLanguage\":\"sq-AL\",\"@id\":\"https:\/\/wedo.outcondev.com\/#\/schema\/logo\/image\/\",\"url\":\"https:\/\/wedo.outcondev.com\/wp-content\/uploads\/2023\/03\/logo-horizontal.svg\",\"contentUrl\":\"https:\/\/wedo.outcondev.com\/wp-content\/uploads\/2023\/03\/logo-horizontal.svg\",\"width\":1,\"height\":1,\"caption\":\"Wedo\"},\"image\":{\"@id\":\"https:\/\/wedo.outcondev.com\/#\/schema\/logo\/image\/\"},\"sameAs\":[\"https:\/\/www.facebook.com\/wedosupplements\",\"https:\/\/www.instagram.com\/wedocaresupplements\/\"]}]}<\/script>\n<!-- \/ Yoast SEO plugin. -->","yoast_head_json":{"title":"Apriben - Wedo","robots":{"index":"noindex","follow":"follow","max-snippet":"max-snippet:-1","max-image-preview":"max-image-preview:large","max-video-preview":"max-video-preview:-1"},"og_locale":"sq_AL","og_type":"article","og_title":"Apriben - Wedo","og_description":"Apriben \u00ebsht\u00eb nj\u00eb produkt q\u00eb mb\u00ebshtet mir\u00ebqenien fizike t\u00eb organizmit dhe sistemin e tij imunitar.","og_url":"https:\/\/wedo.outcondev.com\/sq\/te-gjitha\/vitamina\/apriben\/","og_site_name":"Wedo","article_publisher":"https:\/\/www.facebook.com\/wedosupplements","article_modified_time":"2024-02-19T13:37:10+00:00","og_image":[{"width":1350,"height":1800,"url":"https:\/\/wedo.outcondev.com\/wp-content\/uploads\/2024\/01\/apriben-EN-1-front-1.png","type":"image\/png"}],"twitter_card":"summary_large_image","twitter_misc":{"Est. reading time":"1 minute"},"schema":{"@context":"https:\/\/schema.org","@graph":[{"@type":"WebPage","@id":"https:\/\/wedo.outcondev.com\/sq\/te-gjitha\/vitamina\/apriben\/","url":"https:\/\/wedo.outcondev.com\/sq\/te-gjitha\/vitamina\/apriben\/","name":"Apriben - Wedo","isPartOf":{"@id":"https:\/\/wedo.outcondev.com\/#website"},"primaryImageOfPage":{"@id":"https:\/\/wedo.outcondev.com\/sq\/te-gjitha\/vitamina\/apriben\/#primaryimage"},"image":{"@id":"https:\/\/wedo.outcondev.com\/sq\/te-gjitha\/vitamina\/apriben\/#primaryimage"},"thumbnailUrl":"https:\/\/wedo.outcondev.com\/wp-content\/uploads\/2024\/01\/apriben-EN-1-front-1.png","datePublished":"2023-11-18T16:58:16+00:00","dateModified":"2024-02-19T13:37:10+00:00","breadcrumb":{"@id":"https:\/\/wedo.outcondev.com\/sq\/te-gjitha\/vitamina\/apriben\/#breadcrumb"},"inLanguage":"sq-AL","potentialAction":[{"@type":"ReadAction","target":["https:\/\/wedo.outcondev.com\/sq\/te-gjitha\/vitamina\/apriben\/"]}]},{"@type":"ImageObject","inLanguage":"sq-AL","@id":"https:\/\/wedo.outcondev.com\/sq\/te-gjitha\/vitamina\/apriben\/#primaryimage","url":"https:\/\/wedo.outcondev.com\/wp-content\/uploads\/2024\/01\/apriben-EN-1-front-1.png","contentUrl":"https:\/\/wedo.outcondev.com\/wp-content\/uploads\/2024\/01\/apriben-EN-1-front-1.png","width":1350,"height":1800},{"@type":"BreadcrumbList","@id":"https:\/\/wedo.outcondev.com\/sq\/te-gjitha\/vitamina\/apriben\/#breadcrumb","itemListElement":[{"@type":"ListItem","position":1,"name":"Home","item":"https:\/\/wedo.outcondev.com\/sq\/"},{"@type":"ListItem","position":2,"name":"Shop","item":"https:\/\/wedo.outcondev.com\/shop-2\/"},{"@type":"ListItem","position":3,"name":"Apriben"}]},{"@type":"WebSite","@id":"https:\/\/wedo.outcondev.com\/#website","url":"https:\/\/wedo.outcondev.com\/","name":"Wedo Care","description":"Wedo","publisher":{"@id":"https:\/\/wedo.outcondev.com\/#organization"},"potentialAction":[{"@type":"SearchAction","target":{"@type":"EntryPoint","urlTemplate":"https:\/\/wedo.outcondev.com\/?s={search_term_string}"},"query-input":{"@type":"PropertyValueSpecification","valueRequired":true,"valueName":"search_term_string"}}],"inLanguage":"sq-AL"},{"@type":"Organization","@id":"https:\/\/wedo.outcondev.com\/#organization","name":"Wedo","url":"https:\/\/wedo.outcondev.com\/","logo":{"@type":"ImageObject","inLanguage":"sq-AL","@id":"https:\/\/wedo.outcondev.com\/#\/schema\/logo\/image\/","url":"https:\/\/wedo.outcondev.com\/wp-content\/uploads\/2023\/03\/logo-horizontal.svg","contentUrl":"https:\/\/wedo.outcondev.com\/wp-content\/uploads\/2023\/03\/logo-horizontal.svg","width":1,"height":1,"caption":"Wedo"},"image":{"@id":"https:\/\/wedo.outcondev.com\/#\/schema\/logo\/image\/"},"sameAs":["https:\/\/www.facebook.com\/wedosupplements","https:\/\/www.instagram.com\/wedocaresupplements\/"]}]}},"_links":{"self":[{"href":"https:\/\/wedo.outcondev.com\/sq\/wp-json\/wp\/v2\/product\/14991","targetHints":{"allow":["GET"]}}],"collection":[{"href":"https:\/\/wedo.outcondev.com\/sq\/wp-json\/wp\/v2\/product"}],"about":[{"href":"https:\/\/wedo.outcondev.com\/sq\/wp-json\/wp\/v2\/types\/product"}],"wp:featuredmedia":[{"embeddable":true,"href":"https:\/\/wedo.outcondev.com\/sq\/wp-json\/wp\/v2\/media\/14046"}],"wp:attachment":[{"href":"https:\/\/wedo.outcondev.com\/sq\/wp-json\/wp\/v2\/media?parent=14991"}],"wp:term":[{"taxonomy":"product_brand","embeddable":true,"href":"https:\/\/wedo.outcondev.com\/sq\/wp-json\/wp\/v2\/product_brand?post=14991"},{"taxonomy":"product_cat","embeddable":true,"href":"https:\/\/wedo.outcondev.com\/sq\/wp-json\/wp\/v2\/product_cat?post=14991"},{"taxonomy":"product_tag","embeddable":true,"href":"https:\/\/wedo.outcondev.com\/sq\/wp-json\/wp\/v2\/product_tag?post=14991"},{"taxonomy":"product_collection","embeddable":true,"href":"https:\/\/wedo.outcondev.com\/sq\/wp-json\/wp\/v2\/product_collection?post=14991"}],"curies":[{"name":"wp","href":"https:\/\/api.w.org\/{rel}","templated":true}]}}